{"id":94,"date":"2023-01-26T17:56:29","date_gmt":"2023-01-26T16:56:29","guid":{"rendered":"http:\/\/osadnicy.org.pl\/?page_id=94"},"modified":"2025-01-21T17:51:31","modified_gmt":"2025-01-21T17:51:31","slug":"linki","status":"publish","type":"page","link":"https:\/\/osadnicy.org\/index.php\/linki\/","title":{"rendered":"Linki"},"content":{"rendered":"\n<p>Serdecznie zapraszamy na ciekawe strony internetowe zaprzyja\u017anionych z nami instytucji i organizacji:<\/p>\n\n\n\n<p>Muzeum J\u00f3zefa Pi\u0142sudskiego w Sulej\u00f3wku:<\/p>\n\n\n\n<p><a href=\"https:\/\/muzeumpilsudski.pl\/\">www.muzeumpilsudski.pl<\/a><\/p>\n\n\n\n<p>Muzeum Pami\u0119ci Sybiru:<\/p>\n\n\n\n<p><a href=\"http:\/\/www.sybir.bialystok.pl\">www.sybir.bialystok.pl<\/a><\/p>\n\n\n\n<p>Zwi\u0105zek Sybirak\u00f3w:<\/p>\n\n\n\n<p><a href=\"http:\/\/www.sybiracyzg.pl\">www.sybiracyzg.pl<\/a><\/p>\n","protected":false},"excerpt":{"rendered":"<p>Serdecznie zapraszamy na ciekawe strony internetowe zaprzyja\u017anionych z nami instytucji i organizacji: Muzeum J\u00f3zefa Pi\u0142sudskiego w Sulej\u00f3wku: www.muzeumpilsudski.pl Muzeum Pami\u0119ci Sybiru: www.sybir.bialystok.pl Zwi\u0105zek Sybirak\u00f3w: www.sybiracyzg.pl<\/p>\n","protected":false},"author":1,"featured_media":0,"parent":0,"menu_order":0,"comment_status":"closed","ping_status":"closed","template":"","meta":{"footnotes":""},"class_list":["post-94","page","type-page","status-publish","hentry","comments-off"],"_links":{"self":[{"href":"https:\/\/osadnicy.org\/index.php\/wp-json\/wp\/v2\/pages\/94","targetHints":{"allow":["GET"]}}],"collection":[{"href":"https:\/\/osadnicy.org\/index.php\/wp-json\/wp\/v2\/pages"}],"about":[{"href":"https:\/\/osadnicy.org\/index.php\/wp-json\/wp\/v2\/types\/page"}],"author":[{"embeddable":true,"href":"https:\/\/osadnicy.org\/index.php\/wp-json\/wp\/v2\/users\/1"}],"replies":[{"embeddable":true,"href":"https:\/\/osadnicy.org\/index.php\/wp-json\/wp\/v2\/comments?post=94"}],"version-history":[{"count":1,"href":"https:\/\/osadnicy.org\/index.php\/wp-json\/wp\/v2\/pages\/94\/revisions"}],"predecessor-version":[{"id":593,"href":"https:\/\/osadnicy.org\/index.php\/wp-json\/wp\/v2\/pages\/94\/revisions\/593"}],"wp:attachment":[{"href":"https:\/\/osadnicy.org\/index.php\/wp-json\/wp\/v2\/media?parent=94"}],"curies":[{"name":"wp","href":"https:\/\/api.w.org\/{rel}","templated":true}]}}