{"id":91,"date":"2023-01-26T17:55:42","date_gmt":"2023-01-26T16:55:42","guid":{"rendered":"http:\/\/osadnicy.org.pl\/?page_id=91"},"modified":"2023-01-26T17:55:42","modified_gmt":"2023-01-26T16:55:42","slug":"artykuly-historyczne","status":"publish","type":"page","link":"https:\/\/osadnicy.org\/index.php\/artykuly-historyczne\/","title":{"rendered":"Artyku\u0142y historyczne"},"content":{"rendered":"\n<div class=\"wp-block-query is-layout-flow wp-block-query-is-layout-flow\"><ul class=\"wp-block-post-template is-layout-flow wp-block-post-template-is-layout-flow\"><li class=\"wp-block-post post-654 post type-post status-publish format-standard hentry category-artykuly category-informacje tag-17-wrzesnia tag-agresja-sowiecka tag-deportacja tag-historia tag-kresy-wschodnie tag-osadnictwo comments-off\">\n<h2 class=\"wp-block-post-title\"><a href=\"https:\/\/osadnicy.org\/index.php\/2025\/09\/27\/audycja-o-osadnictwie-wojskowym\/\" target=\"_self\" >Audycja o osadnictwie wojskowym<\/a><\/h2>\n\n\n\n<div class=\"wp-block-post-excerpt\"><p class=\"wp-block-post-excerpt__excerpt\">Zapraszamy do ods\u0142uchania audycji po\u015bwi\u0119conej historii osadnictwa wojskowego na Kresach II RP. Go\u015bciem Radia Wnet by\u0142 prezes Stowarzyszenia, Micha\u0142 Bronowicki, kt\u00f3ry opowiedzia\u0142 o przesz\u0142o\u015bci kolonist\u00f3w i przedstawi\u0142 dzieje zasiedlania wschodnich <\/p><\/div>\n\n\n<hr class=\"wp-block-separator has-css-opacity\"\/>\n\n\n<div class=\"wp-block-post-date\"><time datetime=\"2025-09-27T11:58:19+00:00\">2025-09-27<\/time><\/div>\n<\/li><li class=\"wp-block-post post-650 post type-post status-publish format-standard hentry category-uncategorized comments-off\">\n<h2 class=\"wp-block-post-title\"><a href=\"https:\/\/osadnicy.org\/index.php\/2025\/02\/11\/85-rocznica-deportacji-na-sybir\/\" target=\"_self\" >85. rocznica deportacji na Sybir<\/a><\/h2>\n\n\n\n<div class=\"wp-block-post-excerpt\"><p class=\"wp-block-post-excerpt__excerpt\">10 lutego, w 85. rocznic\u0119 masowej deportacji Polak\u00f3w na Sybir, w tym zes\u0142ania w g\u0142\u0105b Zwi\u0105zku Sowieckiego osadnik\u00f3w wojskowych z rodzinami, przedstawiciele Stowarzyszenia Rodzin Osadnik\u00f3w Wojskowych i Cywilnych Kres\u00f3w Wschodnich <\/p><\/div>\n\n\n<hr class=\"wp-block-separator has-css-opacity\"\/>\n\n\n<div class=\"wp-block-post-date\"><time datetime=\"2025-02-11T18:27:35+00:00\">2025-02-11<\/time><\/div>\n<\/li><li class=\"wp-block-post post-579 post type-post status-publish format-standard hentry category-artykuly tag-deportacja tag-osadnicy tag-zeslanie comments-off\">\n<h2 class=\"wp-block-post-title\"><a href=\"https:\/\/osadnicy.org\/index.php\/2025\/01\/21\/deportacja-osadnikow-wojskowych-w-glab-zsrr\/\" target=\"_self\" >Deportacja osadnik\u00f3w wojskowych w g\u0142\u0105b ZSRS<\/a><\/h2>\n\n\n\n<div class=\"wp-block-post-excerpt\"><p class=\"wp-block-post-excerpt__excerpt\">Inwazja sowiecka z 17 wrze\u015bnia 1939 roku to jedno z najtragiczniejszych wydarze\u0144 w historii Polski; jedno z tych, kt\u00f3re na zawsze zmieni\u0142y kszta\u0142t pa\u0144stwa i wp\u0142yn\u0119\u0142y na losy narodu. Niespodziewany <\/p><\/div>\n\n\n<hr class=\"wp-block-separator has-css-opacity\"\/>\n\n\n<div class=\"wp-block-post-date\"><time datetime=\"2025-01-21T17:38:44+00:00\">2025-01-21<\/time><\/div>\n<\/li><li class=\"wp-block-post post-566 post type-post status-publish format-standard hentry category-foto tag-falenty tag-foto tag-zdjecia tag-zjazd comments-off\">\n<h2 class=\"wp-block-post-title\"><a href=\"https:\/\/osadnicy.org\/index.php\/2025\/01\/21\/xii-swiatowy-zjazd-stowarzyszenia\/\" target=\"_self\" >XII \u015awiatowy Zjazd Stowarzyszenia<\/a><\/h2>\n\n\n\n<div class=\"wp-block-post-excerpt\"><p class=\"wp-block-post-excerpt__excerpt\">Prezentujemy fotografie z ostatniego dotychczas gremialnego spotkania naszej spo\u0142eczno\u015bci \u2013 z XII \u015awiatowego Zjazdu Stowarzyszenia Rodzin Osadnik\u00f3w Wojskowych i Cywilnych Kres\u00f3w Wschodnich, kt\u00f3ry odby\u0142 si\u0119 w naszej siedzibie w podwarszawskich <\/p><\/div>\n\n\n<hr class=\"wp-block-separator has-css-opacity\"\/>\n\n\n<div class=\"wp-block-post-date\"><time datetime=\"2025-01-21T17:23:01+00:00\">2025-01-21<\/time><\/div>\n<\/li><\/ul><\/div>\n","protected":false},"excerpt":{"rendered":"","protected":false},"author":1,"featured_media":0,"parent":0,"menu_order":0,"comment_status":"closed","ping_status":"closed","template":"","meta":{"footnotes":""},"class_list":["post-91","page","type-page","status-publish","hentry","comments-off"],"_links":{"self":[{"href":"https:\/\/osadnicy.org\/index.php\/wp-json\/wp\/v2\/pages\/91","targetHints":{"allow":["GET"]}}],"collection":[{"href":"https:\/\/osadnicy.org\/index.php\/wp-json\/wp\/v2\/pages"}],"about":[{"href":"https:\/\/osadnicy.org\/index.php\/wp-json\/wp\/v2\/types\/page"}],"author":[{"embeddable":true,"href":"https:\/\/osadnicy.org\/index.php\/wp-json\/wp\/v2\/users\/1"}],"replies":[{"embeddable":true,"href":"https:\/\/osadnicy.org\/index.php\/wp-json\/wp\/v2\/comments?post=91"}],"version-history":[{"count":0,"href":"https:\/\/osadnicy.org\/index.php\/wp-json\/wp\/v2\/pages\/91\/revisions"}],"wp:attachment":[{"href":"https:\/\/osadnicy.org\/index.php\/wp-json\/wp\/v2\/media?parent=91"}],"curies":[{"name":"wp","href":"https:\/\/api.w.org\/{rel}","templated":true}]}}