{"id":51,"date":"2023-01-26T17:20:09","date_gmt":"2023-01-26T16:20:09","guid":{"rendered":"http:\/\/osadnicy.org.pl\/?page_id=51"},"modified":"2023-01-26T17:20:09","modified_gmt":"2023-01-26T16:20:09","slug":"wydawnictwa-i-pamiatki","status":"publish","type":"page","link":"https:\/\/osadnicy.org\/index.php\/wydawnictwa-i-pamiatki\/","title":{"rendered":"WYDAWNICTWA  I PAMI\u0104TKI"},"content":{"rendered":"\n<p><strong>Wydawnictwa i pami\u0105tki w sprzeda\u017cy<\/strong><\/p>\n\n\n\n<p>Poni\u017csze wydawnictwa i pami\u0105tki mo\u017cemy zam\u00f3wi\u0107 pisz\u0105c na ten adres:<br><a href=\"mailto:januszszu@acn.waw.pl\">januszszu@acn.waw.pl<\/a><\/p>\n\n\n\n<hr class=\"wp-block-separator has-alpha-channel-opacity\"\/>\n\n\n\n<p><strong>Metalowy znaczek ZOS<\/strong>&nbsp;&#8211; wierna kopia przedwojennej odzaki ZOS (<a href=\"http:\/\/osadnicy.org.\/odznaka.htm\">zobacz &gt;&gt;&gt;<\/a>) w cenie 25 z\u0142 za szt.<\/p>\n\n\n\n<hr class=\"wp-block-separator has-alpha-channel-opacity\"\/>\n\n\n\n<p><strong>KRESOWE STANICE<\/strong>&nbsp;&#8211; archiwalne numery w cenie 6 z\u0142 za szt.<\/p>\n\n\n\n<hr class=\"wp-block-separator has-alpha-channel-opacity\"\/>\n\n\n\n<p><strong>KRESOWE STANICE &#8211; numer specjalny polsko-angielski<\/strong>&nbsp;&#8211; 10 z\u0142<\/p>\n\n\n\n<hr class=\"wp-block-separator has-alpha-channel-opacity\"\/>\n\n\n\n<p><strong>Ksi\u0105\u017cki:<\/strong><\/p>\n\n\n\n<p><strong>&#8222;Dwie Matki&#8221; (wydanie III poszerzone)<\/strong>&nbsp;Zygmunt Jan Rumel &#8211; 18 z\u0142<br><br><strong>&#8222;\u017bycie na stos rzucone&#8221;<\/strong>&nbsp;Jerzy Baluch &#8211; 25 z\u0142<br><br><strong>&#8222;Aby\u015bmy mogli wybaczy\u0107&#8221; (wydanie II poszerzone)<\/strong>&nbsp;Antoni Tomczyk &#8211; 25 z\u0142<br><br><strong>&#8222;Uciekaj\u0105c przed \u0142omotem kolb&#8221; (wydanie II poszerzone)<\/strong>&nbsp;Antoni Tomczyk &#8211; 25 z\u0142<br><br><strong>&#8222;Osiemdziesi\u0105t miesi\u0119cy w kleszczach sierpa i m\u0142ota&#8221;<\/strong>&nbsp;Stanis\u0142aw Fudali &#8211; 36 z\u0142<br><br><strong>&#8222;Kazachsta\u0144skie tulipany &#8211; wspomnienia zes\u0142a\u0144ca&#8221;<\/strong>&nbsp;Tadeusz Albert Ku\u0142akowski &#8211; 25 z\u0142<\/p>\n\n\n\n<hr class=\"wp-block-separator has-alpha-channel-opacity\"\/>\n\n\n\n<p><strong>Pami\u0105tki z wyjazdu na Kresy:<\/strong><\/p>\n\n\n\n<p>&#8222;Wycieczka na Kresy&#8221; film DVD &#8211; 25 z\u0142<br><br>&#8222;Zdj\u0119cia z wycieczki na Kresy&#8221; CD &#8211; 25 z\u0142<br><\/p>\n\n\n\n<hr class=\"wp-block-separator has-alpha-channel-opacity\"\/>\n\n\n\n<p><strong>Wykaz osadnik\u00f3w na p\u0142ycie CD:<\/strong><\/p>\n\n\n\n<p>&#8222;Osadnicy wojskowi Kres\u00f3w Wschodnich &#8211; Wykaz osadnik\u00f3w w osadach woj. wo\u0142y\u0144skiego, nowogr\u00f3dzkiego, bia\u0142ostockiego, wile\u0144skiego, poleskiego&#8221; TERAZ WSZYSTKO NA JEDNEJ P\u0141YCIE I W NI\u017bSZEJ CENIE &#8211; 30 z\u0142<\/p>\n\n\n\n<hr class=\"wp-block-separator has-alpha-channel-opacity\"\/>\n\n\n\n<p><strong>Mapy kolorowe w cenie 10 z\u0142 za szt.:<\/strong><\/p>\n\n\n\n<p><strong>Polska Mapa Fizyczna<\/strong>&nbsp;1:1250000. Reedycja z&nbsp;1939 r.<br><br><strong>Lw\u00f3w<\/strong>, mapa operacyjna 1:300 000<br><br><strong>Wilno<\/strong>, mapa operacyjna 1:300 000<br><br><strong>Stanis\u0142aw\u00f3w<\/strong>, mapa operacyjna 1:300 000<br><br><strong>Nowogr\u00f3dek<\/strong>, mapa operacyjna 1:300 000, chwilowo wyczerpana<br><br><strong>Mi\u0144sk<\/strong>, mapa operacyjna 1:300 000<br><br><strong>Sarny<\/strong>, mapa operacyjna 1: 300 000<br><br><strong>Pi\u0144sk<\/strong>, mapa operacyjna 1:300 000<br><br><strong>\u0141uniniec<\/strong>, mapa operacyjna 1:300 000<br><br><strong>Tarnopol<\/strong>, mapa operacyjna 1:300 000<br><br><strong>\u0141uck<\/strong>, mapa operacyjna 1:300 000<br><br><strong>Wilejka<\/strong>, mapa operacyjna 1:300 000<br><br><strong>Kr\u00f3lewiec<\/strong>, mapa operacyjna 1:300 000<br><br><strong>Brze\u015b\u0107 n. Bugiem<\/strong>, mapa operacyjna 1:300 000<\/p>\n\n\n\n<hr class=\"wp-block-separator has-alpha-channel-opacity\"\/>\n\n\n\n<p><strong>Pami\u0105tki zjazdowe:<\/strong><\/p>\n\n\n\n<p>Filmy z przebiegu VI Zjazdu:<br>p\u0142yta DVD &#8211; dzie\u0144 pierwszy &#8211; 20 z\u0142<br>p\u0142yta DVD &#8211; dzie\u0144 drugi &#8211; 20 z\u0142<br>p\u0142yta DVD &#8211; cz\u0119\u015b\u0107 artystyczna &#8211; 20 z\u0142<br>p\u0142yta muzyczna &#8211; piosenki VI Zjazdu &#8211; 15 z\u0142<br>p\u0142yta CD &#8211; pokaz zdj\u0119\u0107 zjazdowych w odtwarzaczu DVD &#8211; 15 z\u0142<br>p\u0142yta CD &#8211; pokaz zdj\u0119\u0107 zdjazdowych w komputerze PC &#8211; 15 z\u0142<br><br>Film z przebiegu V Zjazdu wraz z uroczysto\u015bci\u0105 ods\u0142oni\u0119cia Pomnika &#8211; kasety video i p\u0142yty DVD &#8211; 30 z\u0142<br><br>Film z wyst\u0119pem zespo\u0142u PRAWNUKI podczas V Zjazdu &#8211; kasety video i p\u0142yty DVD &#8211; 30 z\u0142<br><br>Obrazek w ramce przedstawiaj\u0105cy Pomnik &#8211; 10 z\u0142<br><br>Poczt\u00f3wka przedstawiaj\u0105ca Pomnik &#8211; 3 z\u0142<br><br>Metalowy znaczek z&nbsp;logo naszego Stowarzyszenia (<a href=\"http:\/\/osadnicy.org.\/znaczek1.htm\">zobacz &gt;&gt;&gt;<\/a>) &#8211; 8 z\u0142<br><br>Metalowy znaczek z&nbsp;naszym sztandarem (<a href=\"http:\/\/osadnicy.org.\/znaczek2.htm\">zobacz &gt;&gt;&gt;<\/a>) &#8211; 8 z\u0142<\/p>\n","protected":false},"excerpt":{"rendered":"<p>Wydawnictwa i pami\u0105tki w sprzeda\u017cy Poni\u017csze wydawnictwa i pami\u0105tki mo\u017cemy zam\u00f3wi\u0107 pisz\u0105c na ten adres:januszszu@acn.waw.pl Metalowy znaczek ZOS&nbsp;&#8211; wierna kopia przedwojennej odzaki ZOS (zobacz &gt;&gt;&gt;) w cenie 25 z\u0142 za<\/p>\n","protected":false},"author":1,"featured_media":0,"parent":0,"menu_order":0,"comment_status":"closed","ping_status":"closed","template":"","meta":{"footnotes":""},"class_list":["post-51","page","type-page","status-publish","hentry","comments-off"],"_links":{"self":[{"href":"https:\/\/osadnicy.org\/index.php\/wp-json\/wp\/v2\/pages\/51","targetHints":{"allow":["GET"]}}],"collection":[{"href":"https:\/\/osadnicy.org\/index.php\/wp-json\/wp\/v2\/pages"}],"about":[{"href":"https:\/\/osadnicy.org\/index.php\/wp-json\/wp\/v2\/types\/page"}],"author":[{"embeddable":true,"href":"https:\/\/osadnicy.org\/index.php\/wp-json\/wp\/v2\/users\/1"}],"replies":[{"embeddable":true,"href":"https:\/\/osadnicy.org\/index.php\/wp-json\/wp\/v2\/comments?post=51"}],"version-history":[{"count":0,"href":"https:\/\/osadnicy.org\/index.php\/wp-json\/wp\/v2\/pages\/51\/revisions"}],"wp:attachment":[{"href":"https:\/\/osadnicy.org\/index.php\/wp-json\/wp\/v2\/media?parent=51"}],"curies":[{"name":"wp","href":"https:\/\/api.w.org\/{rel}","templated":true}]}}