{"id":426,"date":"2023-09-16T14:30:36","date_gmt":"2023-09-16T12:30:36","guid":{"rendered":"http:\/\/osadnicy.org.pl\/?page_id=382"},"modified":"2023-09-16T14:30:36","modified_gmt":"2023-09-16T12:30:36","slug":"numer-19","status":"publish","type":"page","link":"https:\/\/osadnicy.org\/index.php\/kresowe-stanice\/archiwalne-numery\/numer-19\/","title":{"rendered":"rok XX, Nr 3,4 \/ 2016 (73)"},"content":{"rendered":"\n<p>grudzie\u0144 2016<\/p>\n\n\n\n<p>SPIS TRE\u015aCI<\/p>\n\n\n\n<p><em>Konstanty Ildefons Ga\u0142czy\u0144ski<\/em><br><strong>Przed zapaleniem choinki (fragment); Powr\u00f3t<\/strong><\/p>\n\n\n\n<p><strong>Od redakcji<\/strong><\/p>\n\n\n\n<p><em>Maria Ryglowska-Bluj, Marta Trojanowska<\/em><br><strong>Osada wojskowa Or\u0142opol (Wydumka) i jej mieszka\u0144cy &#8211; rodzina Prochowicz\u00f3w<\/strong><\/p>\n\n\n\n<p><em>Kamil Kartasi\u0144ski<\/em><br><strong>&#8222;Dla Ciebie, Polsko, i dla Twojej chwa\u0142y&#8221;<\/strong> <br><strong>Droga B\u0142\u0119kitnej Armii Hallera do Ojczyzny<\/strong><\/p>\n\n\n\n<p><em>Tadeusz Ku\u0142akowski<\/em><br><strong>Saga rodu Billewicz\u00f3w<\/strong><\/p>\n\n\n\n<p><em>Antoni Lenkiewicz<\/em><br><strong>Kalendarium polskich zmaga\u0144 z Rosj\u0105 Sowieck\u0105 w latach 1939-1989<\/strong> (cz. 49.) <\/p>\n\n\n\n<p><em>Antoni Lenkiewicz<\/em><br><strong>Uczestnik i \u015bwiadek historii Polski<\/strong> (cz. 5.)<\/p>\n\n\n\n<p>Mieczys\u0142aw Metler<br><strong>K\u0105cik poetycki<\/strong><br><strong>Dylemat emigracyjny z poezj\u0105 w tle<\/strong><\/p>\n\n\n\n<p><em>Franciszek \u015alusarz<\/em><br><strong>Zsy\u0142ka, wojna i emigracja<\/strong> (cz. 5.)<\/p>\n\n\n\n<p><em>Wojciech Bra\u0144ski<\/em><br><strong>Anna Maria Trombala 1919-2010<\/strong><br><strong>Wielkie dzie\u0142o poczciwego \u017cywota<\/strong> (cz. 1.)<\/p>\n\n\n\n<p><em>Jan Czes\u0142aw Kozakowski<\/em><br><strong>Franciszek Kozakowski (1897-1992)<\/strong> (cz. 3.)<\/p>\n\n\n\n<p><em>Aneta Skar\u017cy\u0144ski<\/em><br><strong>Kresowa Wilia czyli jak drzewiej w Narodziny Pa\u0144skie bywa\u0142o<\/strong><\/p>\n\n\n\n<p><em>Aneta Skar\u017cy\u0144ski<\/em><br><strong>Prezentacja premierowej powie\u015bci &#8222;Podr\u00f3\u017c na Operiona&#8221;<\/strong><\/p>\n\n\n\n<p><em>Redakcja KS<\/em><br><strong>Spotkania z histori\u0105 i sztuk\u0105<\/strong><\/p>\n\n\n\n<p><em>Marta Cywi\u0144ska<\/em><br><strong>Dzielne Polki, dzielni Polacy w przedwojennych wydaniach &#8222;P\u0142omyka&#8221;<\/strong><\/p>\n\n\n\n<p><em>\u0141ucja Grabowska<\/em><br><strong>Troch\u0119 wspomnie\u0144<\/strong><\/p>\n\n\n\n<p><em>Krystyna \u015awirniak-Mateuszuk<\/em><br><strong>Kalendarium Lubelskiego Oddzia\u0142u Zwi\u0105zku Sybirak\u00f3w <\/strong><br><strong>stycze\u0144 &#8211; wrzesie\u0144 2016<\/strong><\/p>\n\n\n\n<p><em>Mieczys\u0142aw W\u00f3jcik<\/em><br><strong>Nasze sprawy<\/strong><\/p>\n\n\n\n<p><strong>Z \u017ca\u0142obnej karty<\/strong><\/p>\n\n\n\n<p><\/p>\n","protected":false},"excerpt":{"rendered":"<p>grudzie\u0144 2016 SPIS TRE\u015aCI Konstanty Ildefons Ga\u0142czy\u0144skiPrzed zapaleniem choinki (fragment); Powr\u00f3t Od redakcji Maria Ryglowska-Bluj, Marta TrojanowskaOsada wojskowa Or\u0142opol (Wydumka) i jej mieszka\u0144cy &#8211; rodzina Prochowicz\u00f3w Kamil Kartasi\u0144ski&#8222;Dla Ciebie, Polsko,<\/p>\n","protected":false},"author":3,"featured_media":0,"parent":268,"menu_order":73,"comment_status":"closed","ping_status":"closed","template":"","meta":{"footnotes":""},"class_list":["post-426","page","type-page","status-publish","hentry","comments-off"],"_links":{"self":[{"href":"https:\/\/osadnicy.org\/index.php\/wp-json\/wp\/v2\/pages\/426","targetHints":{"allow":["GET"]}}],"collection":[{"href":"https:\/\/osadnicy.org\/index.php\/wp-json\/wp\/v2\/pages"}],"about":[{"href":"https:\/\/osadnicy.org\/index.php\/wp-json\/wp\/v2\/types\/page"}],"author":[{"embeddable":true,"href":"https:\/\/osadnicy.org\/index.php\/wp-json\/wp\/v2\/users\/3"}],"replies":[{"embeddable":true,"href":"https:\/\/osadnicy.org\/index.php\/wp-json\/wp\/v2\/comments?post=426"}],"version-history":[{"count":0,"href":"https:\/\/osadnicy.org\/index.php\/wp-json\/wp\/v2\/pages\/426\/revisions"}],"up":[{"embeddable":true,"href":"https:\/\/osadnicy.org\/index.php\/wp-json\/wp\/v2\/pages\/268"}],"wp:attachment":[{"href":"https:\/\/osadnicy.org\/index.php\/wp-json\/wp\/v2\/media?parent=426"}],"curies":[{"name":"wp","href":"https:\/\/api.w.org\/{rel}","templated":true}]}}