{"id":408,"date":"2023-09-16T16:48:17","date_gmt":"2023-09-16T14:48:17","guid":{"rendered":"http:\/\/osadnicy.org.pl\/?page_id=408"},"modified":"2023-09-16T16:48:17","modified_gmt":"2023-09-16T14:48:17","slug":"rok-xix-nr-3-2015-70","status":"publish","type":"page","link":"https:\/\/osadnicy.org\/index.php\/kresowe-stanice\/archiwalne-numery\/rok-xix-nr-3-2015-70\/","title":{"rendered":"rok XIX, Nr 3\/2015 (70)"},"content":{"rendered":"\n<p>listopad 2015<\/p>\n\n\n\n<p><strong>SPIS TRE\u015aCI<\/strong><\/p>\n\n\n\n<p><strong>Jaros\u0142aw Marek Rymkiewicz w panteonie polskich pisarzy<\/strong><\/p>\n\n\n\n<p><strong>Od redakcji<\/strong><\/p>\n\n\n\n<p><strong>X \u015awiatowy Zjazd Rodzin Osadnik\u00f3w Wojskowych i Cywilnych Kres\u00f3w Wschodnich<\/strong><\/p>\n\n\n\n<p><strong>X. Zjazd w fotografii<\/strong><\/p>\n\n\n\n<p><strong>Referat nt. aktualnej sytuacji Stowarzyszenia Rodzin Osadnik\u00f3w Wojskowych i Cywilnych Kres\u00f3w Wschodnich<\/strong><\/p>\n\n\n\n<p><strong>Uchwa\u0142y X \u015awiatowego Zjazdu Rodzin Osadnik\u00f3w Wojskowych i Cywilnych Kres\u00f3w Wschodnich<\/strong><\/p>\n\n\n\n<p><strong>Uczestnicy X \u015awiatowego Zjazdu Rodzin Osadnik\u00f3w Wojskowych i Cywilnych Kres\u00f3w Wschodnich<\/strong><\/p>\n\n\n\n<p><em>Micha\u0142 Bronowicki<\/em><\/p>\n\n\n\n<p><strong>Straty osobowe kresowego osadnictwa wojskowego &#8211; <\/strong><\/p>\n\n\n\n<p><strong>uzupe\u0142nienie informacji o ksi\u0105\u017cce J. Stobniak-Smogorzewskiej<\/strong><\/p>\n\n\n\n<p><em>Micha\u0142 Bronowicki<\/em><\/p>\n\n\n\n<p><strong>Muzeum POLIN<\/strong><\/p>\n\n\n\n<p><em>Aneta Skar\u017cy\u0144ska<\/em><\/p>\n\n\n\n<p><strong>Artystyczna podr\u00f3\u017c po Kresach<\/strong> (cz. 3.)<\/p>\n\n\n\n<p><em>Janina Gellert z d. Bauer<\/em><\/p>\n\n\n\n<p><strong>Kresy mojego dzieci\u0144stwa<\/strong><\/p>\n\n\n\n<p><em>Aneta Skar\u017cy\u0144ska<\/em><\/p>\n\n\n\n<p><strong>Wyspy Naftalinowe<\/strong> (fragment)<\/p>\n\n\n\n<p><em>Franciszek \u015alusarz<\/em><\/p>\n\n\n\n<p><strong>Zsy\u0142ka, wojna i emigracja<\/strong> (cz. 2.)<\/p>\n\n\n\n<p><em>Mieczys\u0142aw Metler<\/em><\/p>\n\n\n\n<p><strong>K\u0105cik poetycki &#8211; Cyprian Kamil Norwid<\/strong><\/p>\n\n\n\n<p><em>Micha\u0142 Bronowicki<\/em><\/p>\n\n\n\n<p><strong>Gdzie\u015b na Kresach&#8230; Kamie\u0144 Koszyrski<\/strong><\/p>\n\n\n\n<p><em>AlicjaStrzelczyk-Br\u0105szkiewicz, Eugeniusz Sobczy\u0144ski<\/em><\/p>\n\n\n\n<p><strong>Losy wojenne mojego \u015bp. Ojca kpt. In\u017c. Longina Kiejstuta Bobrowicza<\/strong><\/p>\n\n\n\n<p><em>Antoni Lenkiewicz<\/em><\/p>\n\n\n\n<p><strong>Kalendarium polskich zmaga\u0144 z Rosj\u0105 Sowieck\u0105 w latach 1939-1989<\/strong> (cz. 46.)<\/p>\n\n\n\n<p><em>Antoni Lenkiewicz<\/em><\/p>\n\n\n\n<p><strong>Uczestnik i \u015bwiadek historii Polski<\/strong> (cz. 2.)<\/p>\n\n\n\n<p><em>Czes\u0142aw E. Skar\u017cy\u0144ski<\/em><\/p>\n\n\n\n<p><strong>Dzie\u0144 Jedno\u015bci Kresowian w Sejmie Rzeczypospolitej Polskiej<\/strong><\/p>\n\n\n\n<p><em>Lech Wojciech Szajdak<\/em><\/p>\n\n\n\n<p><strong>XI Dialog Dw\u00f3ch Kultur &#8211; Krzemieniec, Lw\u00f3w<\/strong><\/p>\n\n\n\n<p><em>Krystyna \u015awirniak-Mateuszuk<\/em><\/p>\n\n\n\n<p><strong>XVII Og\u00f3lnopolski Zjazd Klubu Paw\u0142odarczyka im. Teofila Mikulskiego odby\u0142 si\u0119 w dniach 19-26 czerwca 2015 roku w Rewalu<\/strong><\/p>\n\n\n\n<p><em>Barbara Ursyn-Niemcewicz<\/em><\/p>\n\n\n\n<p><strong>Mandolinistka<\/strong><\/p>\n\n\n\n<p><em>Mieczys\u0142aw W\u00f3jcik<\/em><\/p>\n\n\n\n<p><strong>Nasze sprawy<\/strong><\/p>\n\n\n\n<p><strong>Z \u017ca\u0142obnej karty<\/strong><\/p>\n","protected":false},"excerpt":{"rendered":"<p>listopad 2015 SPIS TRE\u015aCI Jaros\u0142aw Marek Rymkiewicz w panteonie polskich pisarzy Od redakcji X \u015awiatowy Zjazd Rodzin Osadnik\u00f3w Wojskowych i Cywilnych Kres\u00f3w Wschodnich X. Zjazd w fotografii Referat nt. aktualnej<\/p>\n","protected":false},"author":3,"featured_media":0,"parent":268,"menu_order":70,"comment_status":"closed","ping_status":"closed","template":"","meta":{"footnotes":""},"class_list":["post-408","page","type-page","status-publish","hentry","comments-off"],"_links":{"self":[{"href":"https:\/\/osadnicy.org\/index.php\/wp-json\/wp\/v2\/pages\/408","targetHints":{"allow":["GET"]}}],"collection":[{"href":"https:\/\/osadnicy.org\/index.php\/wp-json\/wp\/v2\/pages"}],"about":[{"href":"https:\/\/osadnicy.org\/index.php\/wp-json\/wp\/v2\/types\/page"}],"author":[{"embeddable":true,"href":"https:\/\/osadnicy.org\/index.php\/wp-json\/wp\/v2\/users\/3"}],"replies":[{"embeddable":true,"href":"https:\/\/osadnicy.org\/index.php\/wp-json\/wp\/v2\/comments?post=408"}],"version-history":[{"count":0,"href":"https:\/\/osadnicy.org\/index.php\/wp-json\/wp\/v2\/pages\/408\/revisions"}],"up":[{"embeddable":true,"href":"https:\/\/osadnicy.org\/index.php\/wp-json\/wp\/v2\/pages\/268"}],"wp:attachment":[{"href":"https:\/\/osadnicy.org\/index.php\/wp-json\/wp\/v2\/media?parent=408"}],"curies":[{"name":"wp","href":"https:\/\/api.w.org\/{rel}","templated":true}]}}