{"id":401,"date":"2023-09-16T16:00:02","date_gmt":"2023-09-16T14:00:02","guid":{"rendered":"http:\/\/osadnicy.org.pl\/?page_id=401"},"modified":"2023-09-16T16:00:02","modified_gmt":"2023-09-16T14:00:02","slug":"rok-xix-nr-1-2015-68","status":"publish","type":"page","link":"https:\/\/osadnicy.org\/index.php\/kresowe-stanice\/archiwalne-numery\/rok-xix-nr-1-2015-68\/","title":{"rendered":"Nr 68 (1\/2015)"},"content":{"rendered":"\n<p>maj 2015, rok XIX<\/p>\n\n\n\n<p><strong>Od redakcji<\/strong><\/p>\n\n\n\n<p><em>Micha\u0142 Bronowicki<\/em><\/p>\n\n\n\n<p><strong>75. rocznica deportacji osadnik\u00f3w<\/strong><\/p>\n\n\n\n<p><em>Micha\u0142 Bronowicki<\/em><\/p>\n\n\n\n<p><strong>Nadzorcy zbrodni<\/strong><\/p>\n\n\n\n<p><em>W\u0142odzimierz Kaniewski<\/em><\/p>\n\n\n\n<p><strong>Janina Rumlowa, z domu Tymi\u0144ska<\/strong><\/p>\n\n\n\n<p><em>Aneta Skar\u017cy\u0144ska<\/em><\/p>\n\n\n\n<p><strong>Dlaczego w\u0142a\u015bnie Kresy?<\/strong><\/p>\n\n\n\n<p><em>Aneta Skar\u017cy\u0144ska<\/em><\/p>\n\n\n\n<p><strong>Artystyczna podr\u00f3\u017c po Kresach. Lw\u00f3w<\/strong> (cz. 1.)<\/p>\n\n\n\n<p><em>Zofia Ogonowska<\/em><\/p>\n\n\n\n<p><strong>Wo\u0142y\u0144skie Ateny<\/strong><\/p>\n\n\n\n<p><em>Micha\u0142 Bronowicki<\/em><\/p>\n\n\n\n<p><strong>Wile\u0144skie kino w mi\u0119dzywojniu<\/strong><\/p>\n\n\n\n<p><em>Wojciech Bra\u0144ski<\/em><\/p>\n\n\n\n<p><strong>Wspominaj\u0105c Ry\u015bka<\/strong><\/p>\n\n\n\n<p><em>Ryszard Zatchej<\/em><\/p>\n\n\n\n<p><strong>W trzech s\u0142owach wspomnienia Sybiraka<\/strong> (cz. 1.)<\/p>\n\n\n\n<p><em>Mieczys\u0142aw Metler<\/em><\/p>\n\n\n\n<p><strong>K\u0105cik poetycki &#8211; Marian Hemar<\/strong><\/p>\n\n\n\n<p><strong>Z przedwojennej prasy osadniczej<\/strong> (cz. 39.)<\/p>\n\n\n\n<p><em>Miros\u0142awa Szamotu\u0142o-K\u0105dziela<\/em><\/p>\n\n\n\n<p><strong>Stanis\u0142aw Szamotu\u0142o z Adamowicz<\/strong><\/p>\n\n\n\n<p><strong>\u017co\u0142nierz, osadnik wojskowy<\/strong> (cz. 5.)<\/p>\n\n\n\n<p><em>Antoni Lenkiewicz<\/em><\/p>\n\n\n\n<p><strong>Kalendarium polskich zmaga\u0144 z Rosj\u0105 Sowieck\u0105 w latach 1939-1989<\/strong> (cz. 44.)<\/p>\n\n\n\n<p><em>Antoni Lenkiewicz<\/em><\/p>\n\n\n\n<p><strong>Zrzeszenie Wolno\u015b\u0107 i Niezawis\u0142o\u015b\u0107<\/strong> (cz. 8.)<\/p>\n\n\n\n<p><strong>Historia Grobu Nieznanego \u017bo\u0142nierza<\/strong><\/p>\n\n\n\n<p><strong>Spotkanie z Witoldem Lisowskim<\/strong> (cz. 5.)<\/p>\n\n\n\n<p><em>Tadeusz Ku\u0142akowski<\/em><\/p>\n\n\n\n<p><strong>Pomnik I Marsza\u0142ka Polski J\u00f3zefa Pi\u0142sudskiego<\/strong><\/p>\n\n\n\n<p><strong>Czytali\u015bmy, polecamy<\/strong><\/p>\n\n\n\n<p><em>Boles\u0142aw Siemi\u0105tkowski<\/em><\/p>\n\n\n\n<p><strong>Twierdz\u0105 nam b\u0119dzie ka\u017cdy pr\u00f3g, Moja Wojna<\/strong><\/p>\n\n\n\n<p><strong>Z poczty<\/strong><\/p>\n\n\n\n<p><em>W\u0142odzimierz Koperkiewicz<\/em><\/p>\n\n\n\n<p><strong>List<\/strong><\/p>\n\n\n\n<p><em>Mieczys\u0142aw W\u00f3jcik<\/em><\/p>\n\n\n\n<p><strong>Nasze sprawy<\/strong><\/p>\n\n\n\n<p><strong>Z \u017ca\u0142obnej karty<\/strong><\/p>\n","protected":false},"excerpt":{"rendered":"<p>maj 2015, rok XIX Od redakcji Micha\u0142 Bronowicki 75. rocznica deportacji osadnik\u00f3w Micha\u0142 Bronowicki Nadzorcy zbrodni W\u0142odzimierz Kaniewski Janina Rumlowa, z domu Tymi\u0144ska Aneta Skar\u017cy\u0144ska Dlaczego w\u0142a\u015bnie Kresy? Aneta Skar\u017cy\u0144ska<\/p>\n","protected":false},"author":3,"featured_media":0,"parent":268,"menu_order":68,"comment_status":"closed","ping_status":"closed","template":"","meta":{"footnotes":""},"class_list":["post-401","page","type-page","status-publish","hentry","comments-off"],"_links":{"self":[{"href":"https:\/\/osadnicy.org\/index.php\/wp-json\/wp\/v2\/pages\/401","targetHints":{"allow":["GET"]}}],"collection":[{"href":"https:\/\/osadnicy.org\/index.php\/wp-json\/wp\/v2\/pages"}],"about":[{"href":"https:\/\/osadnicy.org\/index.php\/wp-json\/wp\/v2\/types\/page"}],"author":[{"embeddable":true,"href":"https:\/\/osadnicy.org\/index.php\/wp-json\/wp\/v2\/users\/3"}],"replies":[{"embeddable":true,"href":"https:\/\/osadnicy.org\/index.php\/wp-json\/wp\/v2\/comments?post=401"}],"version-history":[{"count":0,"href":"https:\/\/osadnicy.org\/index.php\/wp-json\/wp\/v2\/pages\/401\/revisions"}],"up":[{"embeddable":true,"href":"https:\/\/osadnicy.org\/index.php\/wp-json\/wp\/v2\/pages\/268"}],"wp:attachment":[{"href":"https:\/\/osadnicy.org\/index.php\/wp-json\/wp\/v2\/media?parent=401"}],"curies":[{"name":"wp","href":"https:\/\/api.w.org\/{rel}","templated":true}]}}