{"id":273,"date":"2023-02-27T23:17:27","date_gmt":"2023-02-27T22:17:27","guid":{"rendered":"http:\/\/osadnicy.org.pl\/?page_id=273"},"modified":"2025-01-21T18:51:00","modified_gmt":"2025-01-21T18:51:00","slug":"spotkania-cykliczne","status":"publish","type":"page","link":"https:\/\/osadnicy.org\/index.php\/kontakt\/spotkania-cykliczne\/","title":{"rendered":"Spotkania cykliczne"},"content":{"rendered":"\n<p>W ka\u017cdy ostatni czwartek miesi\u0105ca zapraszamy serdecznie na otwarte zebrania Zarz\u0105du naszego Stowarzyszenia (spotkania nie odbywaj\u0105 si\u0119 w grudniu i lipcu). Prosimy jednak o wcze\u015bniejszy kontakt i zapowied\u017a przyjazdu, poniewa\u017c niekiedy terminy kolejnych zebra\u0144 bywaj\u0105 przesuwane interwencyjnie ze wzgl\u0119d\u00f3w obiektywnych.<\/p>\n\n\n\n<p>Zapraszamy do siedziby Stowarzyszenia zw\u0142aszcza w sprawach cz\u0142onkostwa, pozyskania wybranych publikacji oraz kwestiach merytorycznych zwi\u0105zanych z aktywnym uczestnictwem w naszej dzia\u0142alno\u015bci statutowej.<\/p>\n\n\n\n<p>Spotkania odbywaj\u0105 si\u0119 ka\u017cdorazowo o godzinie 16.00 w podwarszawskich Falentach, przy Alei Hrabskiej 6 (w budynku kompleksu Elgrom).&nbsp;&nbsp;<\/p>\n","protected":false},"excerpt":{"rendered":"<p>W ka\u017cdy ostatni czwartek miesi\u0105ca zapraszamy serdecznie na otwarte zebrania Zarz\u0105du naszego Stowarzyszenia (spotkania nie odbywaj\u0105 si\u0119 w grudniu i lipcu). Prosimy jednak o wcze\u015bniejszy kontakt i zapowied\u017a przyjazdu, poniewa\u017c<\/p>\n","protected":false},"author":1,"featured_media":0,"parent":52,"menu_order":0,"comment_status":"closed","ping_status":"closed","template":"","meta":{"footnotes":""},"class_list":["post-273","page","type-page","status-publish","hentry","comments-off"],"_links":{"self":[{"href":"https:\/\/osadnicy.org\/index.php\/wp-json\/wp\/v2\/pages\/273","targetHints":{"allow":["GET"]}}],"collection":[{"href":"https:\/\/osadnicy.org\/index.php\/wp-json\/wp\/v2\/pages"}],"about":[{"href":"https:\/\/osadnicy.org\/index.php\/wp-json\/wp\/v2\/types\/page"}],"author":[{"embeddable":true,"href":"https:\/\/osadnicy.org\/index.php\/wp-json\/wp\/v2\/users\/1"}],"replies":[{"embeddable":true,"href":"https:\/\/osadnicy.org\/index.php\/wp-json\/wp\/v2\/comments?post=273"}],"version-history":[{"count":1,"href":"https:\/\/osadnicy.org\/index.php\/wp-json\/wp\/v2\/pages\/273\/revisions"}],"predecessor-version":[{"id":638,"href":"https:\/\/osadnicy.org\/index.php\/wp-json\/wp\/v2\/pages\/273\/revisions\/638"}],"up":[{"embeddable":true,"href":"https:\/\/osadnicy.org\/index.php\/wp-json\/wp\/v2\/pages\/52"}],"wp:attachment":[{"href":"https:\/\/osadnicy.org\/index.php\/wp-json\/wp\/v2\/media?parent=273"}],"curies":[{"name":"wp","href":"https:\/\/api.w.org\/{rel}","templated":true}]}}