{"id":259,"date":"2023-02-27T22:57:17","date_gmt":"2023-02-27T21:57:17","guid":{"rendered":"http:\/\/osadnicy.org.pl\/?page_id=259"},"modified":"2025-01-21T18:02:10","modified_gmt":"2025-01-21T18:02:10","slug":"czlonkostwo-w-stowarzyszeniu","status":"publish","type":"page","link":"https:\/\/osadnicy.org\/index.php\/stowarzyszenie\/czlonkostwo-w-stowarzyszeniu\/","title":{"rendered":"Cz\u0142onkostwo w Stowarzyszeniu"},"content":{"rendered":"\n<p>Cz\u0142onkiem zwyczajnym Stowarzyszenia mo\u017ce by\u0107 obywatel Polski wywodz\u0105cy si\u0119 spo\u015br\u00f3d rodzin osadnik\u00f3w wojskowych i cywilnych lub uto\u017csamiaj\u0105cy si\u0119 z ide\u0105 osadnictwa na Kresach Wschodnich II RP, maj\u0105cy pe\u0142n\u0105 zdolno\u015b\u0107 do czynno\u015bci prawnych oraz nie pozbawiony praw publicznych, kt\u00f3ry podpisze deklaracj\u0119 o przyst\u0105pieniu do Stowarzyszenia, zobowi\u0105zuj\u0105c si\u0119 do przestrzegania zasad prawnych i ideowych okre\u015blonych Statutem.<\/p>\n\n\n\n<p>Cz\u0142onkowie Stowarzyszenia s\u0105 zobowi\u0105zani:<\/p>\n\n\n\n<p>1.&nbsp;&nbsp;&nbsp;&nbsp;&nbsp;&nbsp;&nbsp;&nbsp;&nbsp;&nbsp; Dba\u0107 o rozw\u00f3j i osi\u0105ganie cel\u00f3w Stowarzyszenia<\/p>\n\n\n\n<p>2.&nbsp;&nbsp;&nbsp;&nbsp;&nbsp;&nbsp;&nbsp;&nbsp;&nbsp;&nbsp; Przestrzega\u0107 postanowie\u0144 Statutu i uchwa\u0142 W\u0142adz Stowarzyszenia.<\/p>\n\n\n\n<p>3.&nbsp;&nbsp;&nbsp;&nbsp;&nbsp;&nbsp;&nbsp;&nbsp;&nbsp;&nbsp; Bra\u0107 czynny udzia\u0142 w pracach Stowarzyszenia.<\/p>\n\n\n\n<p>4.&nbsp;&nbsp;&nbsp;&nbsp;&nbsp;&nbsp;&nbsp;&nbsp;&nbsp;&nbsp; Regularnie op\u0142aca\u0107 zadeklarowane sk\u0142adki cz\u0142onkowskie.<\/p>\n\n\n\n<p>Cz\u0142onkowie zwyczajni maj\u0105 prawo:<\/p>\n\n\n\n<p>1.&nbsp;&nbsp;&nbsp;&nbsp;&nbsp;&nbsp;&nbsp;&nbsp;&nbsp;&nbsp; Wybiera\u0107 i by\u0107 wybierani do w\u0142adz Stowarzyszenia oraz uczestniczy\u0107 w Walnych Zebraniach z g\u0142osem stanowi\u0105cym.<\/p>\n\n\n\n<p>2.&nbsp;&nbsp;&nbsp;&nbsp;&nbsp;&nbsp;&nbsp;&nbsp;&nbsp;&nbsp; Korzysta\u0107 z pomocy Stowarzyszenia w realizacji zada\u0144 statutowych.<\/p>\n\n\n\n<p>3.&nbsp;&nbsp;&nbsp;&nbsp;&nbsp;&nbsp;&nbsp;&nbsp;&nbsp;&nbsp; Zg\u0142asza\u0107 postulaty i propozycje wobec w\u0142adz Stowarzyszenia.<\/p>\n\n\n\n<p>Cz\u0142onk\u00f3w zwyczajnych przyjmuje Zarz\u0105d Stowarzyszenia na podstawie deklaracji zg\u0142oszenia, popartej przez dw\u00f3ch cz\u0142onk\u00f3w zwyczajnych.<\/p>\n\n\n\n<div data-wp-interactive=\"core\/file\" class=\"wp-block-file\"><object data-wp-bind--hidden=\"!state.hasPdfPreview\" hidden class=\"wp-block-file__embed\" data=\"https:\/\/osadnicy.org\/wp-content\/uploads\/2025\/01\/Deklaracja_czlonkowska.pdf\" type=\"application\/pdf\" style=\"width:100%;height:600px\" aria-label=\"Osadzone z Deklaracja_cz\u0142onkowska.\"><\/object><a id=\"wp-block-file--media-4d1dd298-c183-4242-95dd-eec315e0f63a\" href=\"https:\/\/osadnicy.org\/wp-content\/uploads\/2025\/01\/Deklaracja_czlonkowska.pdf\">Deklaracja_cz\u0142onkowska<\/a><a href=\"https:\/\/osadnicy.org\/wp-content\/uploads\/2025\/01\/Deklaracja_czlonkowska.pdf\" class=\"wp-block-file__button wp-element-button\" download aria-describedby=\"wp-block-file--media-4d1dd298-c183-4242-95dd-eec315e0f63a\">Pobierz<\/a><\/div>\n","protected":false},"excerpt":{"rendered":"<p>Cz\u0142onkiem zwyczajnym Stowarzyszenia mo\u017ce by\u0107 obywatel Polski wywodz\u0105cy si\u0119 spo\u015br\u00f3d rodzin osadnik\u00f3w wojskowych i cywilnych lub uto\u017csamiaj\u0105cy si\u0119 z ide\u0105 osadnictwa na Kresach Wschodnich II RP, maj\u0105cy pe\u0142n\u0105 zdolno\u015b\u0107 do<\/p>\n","protected":false},"author":1,"featured_media":0,"parent":48,"menu_order":0,"comment_status":"closed","ping_status":"closed","template":"","meta":{"footnotes":""},"class_list":["post-259","page","type-page","status-publish","hentry","comments-off"],"_links":{"self":[{"href":"https:\/\/osadnicy.org\/index.php\/wp-json\/wp\/v2\/pages\/259","targetHints":{"allow":["GET"]}}],"collection":[{"href":"https:\/\/osadnicy.org\/index.php\/wp-json\/wp\/v2\/pages"}],"about":[{"href":"https:\/\/osadnicy.org\/index.php\/wp-json\/wp\/v2\/types\/page"}],"author":[{"embeddable":true,"href":"https:\/\/osadnicy.org\/index.php\/wp-json\/wp\/v2\/users\/1"}],"replies":[{"embeddable":true,"href":"https:\/\/osadnicy.org\/index.php\/wp-json\/wp\/v2\/comments?post=259"}],"version-history":[{"count":1,"href":"https:\/\/osadnicy.org\/index.php\/wp-json\/wp\/v2\/pages\/259\/revisions"}],"predecessor-version":[{"id":605,"href":"https:\/\/osadnicy.org\/index.php\/wp-json\/wp\/v2\/pages\/259\/revisions\/605"}],"up":[{"embeddable":true,"href":"https:\/\/osadnicy.org\/index.php\/wp-json\/wp\/v2\/pages\/48"}],"wp:attachment":[{"href":"https:\/\/osadnicy.org\/index.php\/wp-json\/wp\/v2\/media?parent=259"}],"curies":[{"name":"wp","href":"https:\/\/api.w.org\/{rel}","templated":true}]}}