{"id":255,"date":"2023-02-27T22:54:48","date_gmt":"2023-02-27T21:54:48","guid":{"rendered":"http:\/\/osadnicy.org.pl\/?page_id=255"},"modified":"2025-01-21T18:03:28","modified_gmt":"2025-01-21T18:03:28","slug":"dawne-i-obecne-siedziby","status":"publish","type":"page","link":"https:\/\/osadnicy.org\/index.php\/stowarzyszenie\/dawne-i-obecne-siedziby\/","title":{"rendered":"Dawne i obecne siedziby"},"content":{"rendered":"\n<p>Od 2022 roku siedzib\u0105 Stowarzyszenia Rodzin Osadnik\u00f3w Wojskowych i Cywilnych Kres\u00f3w Wschodnich s\u0105 podsto\u0142eczne Falenty i go\u015bcinne sale hotelu Elgrom mieszcz\u0105cego si\u0119 pod adresem: Aleja Hrabska 6, 05-090 Falenty.<\/p>\n\n\n\n<figure class=\"wp-block-image size-large\"><img loading=\"lazy\" decoding=\"async\" width=\"1024\" height=\"597\" src=\"https:\/\/osadnicy.org\/wp-content\/uploads\/2025\/01\/338195050-1024x597.jpg\" alt=\"\" class=\"wp-image-606\" srcset=\"https:\/\/osadnicy.org\/wp-content\/uploads\/2025\/01\/338195050-1024x597.jpg 1024w, https:\/\/osadnicy.org\/wp-content\/uploads\/2025\/01\/338195050-300x175.jpg 300w, https:\/\/osadnicy.org\/wp-content\/uploads\/2025\/01\/338195050-768x448.jpg 768w, https:\/\/osadnicy.org\/wp-content\/uploads\/2025\/01\/338195050.jpg 1280w\" sizes=\"auto, (max-width: 1024px) 100vw, 1024px\" \/><\/figure>\n\n\n\n<p>Dojazd do Falent z Warszawy mo\u017cliwy jest samochodem (skr\u0119t z Alei Krakowskiej mi\u0119dzy Raszynem a Jankami) lub komunikacj\u0105 miejsk\u0105, np. autobusem linii 706 z p\u0119tli przy parkingu \u201eParkuj i Jedz\u201d przy Alei Krakowskiej (przejazd przez Janki).<\/p>\n","protected":false},"excerpt":{"rendered":"<p>Od 2022 roku siedzib\u0105 Stowarzyszenia Rodzin Osadnik\u00f3w Wojskowych i Cywilnych Kres\u00f3w Wschodnich s\u0105 podsto\u0142eczne Falenty i go\u015bcinne sale hotelu Elgrom mieszcz\u0105cego si\u0119 pod adresem: Aleja Hrabska 6, 05-090 Falenty. Dojazd<\/p>\n","protected":false},"author":1,"featured_media":0,"parent":48,"menu_order":0,"comment_status":"closed","ping_status":"closed","template":"","meta":{"footnotes":""},"class_list":["post-255","page","type-page","status-publish","hentry","comments-off"],"_links":{"self":[{"href":"https:\/\/osadnicy.org\/index.php\/wp-json\/wp\/v2\/pages\/255","targetHints":{"allow":["GET"]}}],"collection":[{"href":"https:\/\/osadnicy.org\/index.php\/wp-json\/wp\/v2\/pages"}],"about":[{"href":"https:\/\/osadnicy.org\/index.php\/wp-json\/wp\/v2\/types\/page"}],"author":[{"embeddable":true,"href":"https:\/\/osadnicy.org\/index.php\/wp-json\/wp\/v2\/users\/1"}],"replies":[{"embeddable":true,"href":"https:\/\/osadnicy.org\/index.php\/wp-json\/wp\/v2\/comments?post=255"}],"version-history":[{"count":1,"href":"https:\/\/osadnicy.org\/index.php\/wp-json\/wp\/v2\/pages\/255\/revisions"}],"predecessor-version":[{"id":607,"href":"https:\/\/osadnicy.org\/index.php\/wp-json\/wp\/v2\/pages\/255\/revisions\/607"}],"up":[{"embeddable":true,"href":"https:\/\/osadnicy.org\/index.php\/wp-json\/wp\/v2\/pages\/48"}],"wp:attachment":[{"href":"https:\/\/osadnicy.org\/index.php\/wp-json\/wp\/v2\/media?parent=255"}],"curies":[{"name":"wp","href":"https:\/\/api.w.org\/{rel}","templated":true}]}}