{"id":253,"date":"2023-02-27T22:54:05","date_gmt":"2023-02-27T21:54:05","guid":{"rendered":"http:\/\/osadnicy.org.pl\/?page_id=253"},"modified":"2025-01-21T18:18:20","modified_gmt":"2025-01-21T18:18:20","slug":"dawne-i-obecne-wladze","status":"publish","type":"page","link":"https:\/\/osadnicy.org\/index.php\/stowarzyszenie\/dawne-i-obecne-wladze\/","title":{"rendered":"Obecne w\u0142adze"},"content":{"rendered":"\n<p>Obecne w\u0142adze Stowarzyszenia wy\u0142onione zosta\u0142y na Walnym Zebraniu w pa\u017adzierniku 2021 i pe\u0142ni\u0105 swoj\u0105 kadencj\u0119 do jesieni 2025 roku.<\/p>\n\n\n\n<p><strong>W\u0142adzami Stowarzyszenia s\u0105:<\/strong><\/p>\n\n\n\n<ol class=\"wp-block-list\">\n<li>Walne Zebranie<\/li>\n\n\n\n<li>Zarz\u0105d<\/li>\n\n\n\n<li>Komisja Rewizyjna<\/li>\n\n\n\n<li>S\u0105d Kole\u017ce\u0144ski<\/li>\n<\/ol>\n\n\n\n<p><strong>Sk\u0142ad w\u0142adz Stowarzyszenia przedstawia si\u0119 nast\u0119puj\u0105co:<\/strong><\/p>\n\n\n\n<p><strong>Zarz\u0105d:<\/strong><\/p>\n\n\n\n<p>Prezes \u2013 Micha\u0142 Bronowicki<\/p>\n\n\n\n<p>Wiceprezes \u2013 Janusz Szuba<\/p>\n\n\n\n<p>Wiceprezes \u2013 Jacek Gromek<\/p>\n\n\n\n<p>Skarbniczka \u2013 Dorota Czarnocka-Cieciura<\/p>\n\n\n\n<p>Sekretarz \u2013 Roman Janiak<\/p>\n\n\n\n<p>Cz\u0142onkini \u2013 Jadwiga Kot<\/p>\n\n\n\n<p>Cz\u0142onek \u2013 Jan Rudzi\u0144ski<\/p>\n\n\n\n<p><strong>Komisja Rewizyjna:<\/strong><\/p>\n\n\n\n<p>Przewodnicz\u0105ca \u2013 Anna Siemi\u0105tkowska<\/p>\n\n\n\n<p>Sekretarz \u2013 Jerzy Kaczy\u0144ski<\/p>\n\n\n\n<p>Cz\u0142onkini \u2013 Gabriela Janiak<\/p>\n\n\n\n<p><strong>S\u0105d Kole\u017ce\u0144ski:<\/strong><\/p>\n\n\n\n<p>Przewodnicz\u0105cy \u2013 Janusz Maguza<\/p>\n\n\n\n<p>Sekretarz \u2013 Agnieszka Piszewska<\/p>\n\n\n\n<p>Cz\u0142onkini \u2013 \u0141ucja Grabowska<\/p>\n\n\n\n<p><\/p>\n","protected":false},"excerpt":{"rendered":"<p>Obecne w\u0142adze Stowarzyszenia wy\u0142onione zosta\u0142y na Walnym Zebraniu w pa\u017adzierniku 2021 i pe\u0142ni\u0105 swoj\u0105 kadencj\u0119 do jesieni 2025 roku. W\u0142adzami Stowarzyszenia s\u0105: Sk\u0142ad w\u0142adz Stowarzyszenia przedstawia si\u0119 nast\u0119puj\u0105co: Zarz\u0105d: Prezes<\/p>\n","protected":false},"author":1,"featured_media":0,"parent":48,"menu_order":0,"comment_status":"closed","ping_status":"closed","template":"","meta":{"footnotes":""},"class_list":["post-253","page","type-page","status-publish","hentry","comments-off"],"_links":{"self":[{"href":"https:\/\/osadnicy.org\/index.php\/wp-json\/wp\/v2\/pages\/253","targetHints":{"allow":["GET"]}}],"collection":[{"href":"https:\/\/osadnicy.org\/index.php\/wp-json\/wp\/v2\/pages"}],"about":[{"href":"https:\/\/osadnicy.org\/index.php\/wp-json\/wp\/v2\/types\/page"}],"author":[{"embeddable":true,"href":"https:\/\/osadnicy.org\/index.php\/wp-json\/wp\/v2\/users\/1"}],"replies":[{"embeddable":true,"href":"https:\/\/osadnicy.org\/index.php\/wp-json\/wp\/v2\/comments?post=253"}],"version-history":[{"count":1,"href":"https:\/\/osadnicy.org\/index.php\/wp-json\/wp\/v2\/pages\/253\/revisions"}],"predecessor-version":[{"id":616,"href":"https:\/\/osadnicy.org\/index.php\/wp-json\/wp\/v2\/pages\/253\/revisions\/616"}],"up":[{"embeddable":true,"href":"https:\/\/osadnicy.org\/index.php\/wp-json\/wp\/v2\/pages\/48"}],"wp:attachment":[{"href":"https:\/\/osadnicy.org\/index.php\/wp-json\/wp\/v2\/media?parent=253"}],"curies":[{"name":"wp","href":"https:\/\/api.w.org\/{rel}","templated":true}]}}