{"id":145,"date":"2023-01-26T18:35:22","date_gmt":"2023-01-26T17:35:22","guid":{"rendered":"http:\/\/osadnicy.org.pl\/?page_id=145"},"modified":"2025-01-21T18:39:09","modified_gmt":"2025-01-21T18:39:09","slug":"zamowienia","status":"publish","type":"page","link":"https:\/\/osadnicy.org\/index.php\/wydawnictwa-i-pamiatki\/zamowienia\/","title":{"rendered":"Dost\u0119pno\u015b\u0107 i wysy\u0142ka publikacji"},"content":{"rendered":"\n<p>W magazynie Stowarzyszenia zaplanowana jest szczeg\u00f3\u0142owa inwentaryzacja zasob\u00f3w. O dost\u0119pno\u015bci poszczeg\u00f3lnych publikacji i procedurze wysy\u0142kowej poinformujemy wkr\u00f3tce.\u00a0<\/p>\n","protected":false},"excerpt":{"rendered":"<p>W magazynie Stowarzyszenia zaplanowana jest szczeg\u00f3\u0142owa inwentaryzacja zasob\u00f3w. O dost\u0119pno\u015bci poszczeg\u00f3lnych publikacji i procedurze wysy\u0142kowej poinformujemy wkr\u00f3tce.\u00a0<\/p>\n","protected":false},"author":1,"featured_media":0,"parent":51,"menu_order":0,"comment_status":"closed","ping_status":"closed","template":"","meta":{"footnotes":""},"class_list":["post-145","page","type-page","status-publish","hentry","comments-off"],"_links":{"self":[{"href":"https:\/\/osadnicy.org\/index.php\/wp-json\/wp\/v2\/pages\/145","targetHints":{"allow":["GET"]}}],"collection":[{"href":"https:\/\/osadnicy.org\/index.php\/wp-json\/wp\/v2\/pages"}],"about":[{"href":"https:\/\/osadnicy.org\/index.php\/wp-json\/wp\/v2\/types\/page"}],"author":[{"embeddable":true,"href":"https:\/\/osadnicy.org\/index.php\/wp-json\/wp\/v2\/users\/1"}],"replies":[{"embeddable":true,"href":"https:\/\/osadnicy.org\/index.php\/wp-json\/wp\/v2\/comments?post=145"}],"version-history":[{"count":1,"href":"https:\/\/osadnicy.org\/index.php\/wp-json\/wp\/v2\/pages\/145\/revisions"}],"predecessor-version":[{"id":635,"href":"https:\/\/osadnicy.org\/index.php\/wp-json\/wp\/v2\/pages\/145\/revisions\/635"}],"up":[{"embeddable":true,"href":"https:\/\/osadnicy.org\/index.php\/wp-json\/wp\/v2\/pages\/51"}],"wp:attachment":[{"href":"https:\/\/osadnicy.org\/index.php\/wp-json\/wp\/v2\/media?parent=145"}],"curies":[{"name":"wp","href":"https:\/\/api.w.org\/{rel}","templated":true}]}}