{"id":141,"date":"2023-01-26T18:34:11","date_gmt":"2023-01-26T17:34:11","guid":{"rendered":"http:\/\/osadnicy.org.pl\/?page_id=141"},"modified":"2025-01-21T18:38:24","modified_gmt":"2025-01-21T18:38:24","slug":"ksiazki","status":"publish","type":"page","link":"https:\/\/osadnicy.org\/index.php\/wydawnictwa-i-pamiatki\/ksiazki\/","title":{"rendered":"Ksi\u0105\u017cki"},"content":{"rendered":"\n<p>O pe\u0142nej ofercie ksi\u0105\u017ckowej oraz dost\u0119pno\u015bci poszczeg\u00f3lnych papierowych numer\u00f3w \u201eKresowych Stanic\u201d poinformujemy wkr\u00f3tce.<\/p>\n\n\n\n<div class=\"wp-block-group\"><div class=\"wp-block-group__inner-container is-layout-constrained wp-block-group-is-layout-constrained\">\n<div class=\"wp-block-columns is-layout-flex wp-container-core-columns-is-layout-9d6595d7 wp-block-columns-is-layout-flex\">\n<div class=\"wp-block-column is-layout-flow wp-block-column-is-layout-flow\" style=\"flex-basis:100%\">\n<div class=\"wp-block-columns is-layout-flex wp-container-core-columns-is-layout-9d6595d7 wp-block-columns-is-layout-flex\">\n<div class=\"wp-block-column is-layout-flow wp-block-column-is-layout-flow\" style=\"flex-basis:100%\">\n<div class=\"wp-block-group is-horizontal is-layout-flex wp-block-group-is-layout-flex\">\n<figure class=\"wp-block-image size-full is-resized\"><img loading=\"lazy\" decoding=\"async\" width=\"242\" height=\"345\" src=\"https:\/\/osadnicy.org\/wp-content\/uploads\/2025\/01\/464333107_8828108137232379_1837465765262754982_n.jpg\" alt=\"\" class=\"wp-image-629\" style=\"width:433px;height:auto\" srcset=\"https:\/\/osadnicy.org\/wp-content\/uploads\/2025\/01\/464333107_8828108137232379_1837465765262754982_n.jpg 242w, https:\/\/osadnicy.org\/wp-content\/uploads\/2025\/01\/464333107_8828108137232379_1837465765262754982_n-210x300.jpg 210w\" sizes=\"auto, (max-width: 242px) 100vw, 242px\" \/><\/figure>\n\n\n\n<figure class=\"wp-block-image size-full is-resized\"><img loading=\"lazy\" decoding=\"async\" width=\"506\" height=\"720\" src=\"https:\/\/osadnicy.org\/wp-content\/uploads\/2025\/01\/464444045_8828107433899116_7497336380970314924_n.jpg\" alt=\"\" class=\"wp-image-631\" style=\"width:435px;height:auto\" srcset=\"https:\/\/osadnicy.org\/wp-content\/uploads\/2025\/01\/464444045_8828107433899116_7497336380970314924_n.jpg 506w, https:\/\/osadnicy.org\/wp-content\/uploads\/2025\/01\/464444045_8828107433899116_7497336380970314924_n-211x300.jpg 211w\" sizes=\"auto, (max-width: 506px) 100vw, 506px\" \/><\/figure>\n<\/div>\n<\/div>\n<\/div>\n<\/div>\n<\/div>\n<\/div><\/div>\n","protected":false},"excerpt":{"rendered":"<p>O pe\u0142nej ofercie ksi\u0105\u017ckowej oraz dost\u0119pno\u015bci poszczeg\u00f3lnych papierowych numer\u00f3w \u201eKresowych Stanic\u201d poinformujemy wkr\u00f3tce.<\/p>\n","protected":false},"author":1,"featured_media":0,"parent":51,"menu_order":0,"comment_status":"closed","ping_status":"closed","template":"","meta":{"footnotes":""},"class_list":["post-141","page","type-page","status-publish","hentry","comments-off"],"_links":{"self":[{"href":"https:\/\/osadnicy.org\/index.php\/wp-json\/wp\/v2\/pages\/141","targetHints":{"allow":["GET"]}}],"collection":[{"href":"https:\/\/osadnicy.org\/index.php\/wp-json\/wp\/v2\/pages"}],"about":[{"href":"https:\/\/osadnicy.org\/index.php\/wp-json\/wp\/v2\/types\/page"}],"author":[{"embeddable":true,"href":"https:\/\/osadnicy.org\/index.php\/wp-json\/wp\/v2\/users\/1"}],"replies":[{"embeddable":true,"href":"https:\/\/osadnicy.org\/index.php\/wp-json\/wp\/v2\/comments?post=141"}],"version-history":[{"count":2,"href":"https:\/\/osadnicy.org\/index.php\/wp-json\/wp\/v2\/pages\/141\/revisions"}],"predecessor-version":[{"id":634,"href":"https:\/\/osadnicy.org\/index.php\/wp-json\/wp\/v2\/pages\/141\/revisions\/634"}],"up":[{"embeddable":true,"href":"https:\/\/osadnicy.org\/index.php\/wp-json\/wp\/v2\/pages\/51"}],"wp:attachment":[{"href":"https:\/\/osadnicy.org\/index.php\/wp-json\/wp\/v2\/media?parent=141"}],"curies":[{"name":"wp","href":"https:\/\/api.w.org\/{rel}","templated":true}]}}