{"id":135,"date":"2023-01-26T18:29:49","date_gmt":"2023-01-26T17:29:49","guid":{"rendered":"http:\/\/osadnicy.org.pl\/?page_id=135"},"modified":"2025-01-21T18:50:37","modified_gmt":"2025-01-21T18:50:37","slug":"napisz-do-nas","status":"publish","type":"page","link":"https:\/\/osadnicy.org\/index.php\/kontakt\/napisz-do-nas\/","title":{"rendered":"Napisz do nas"},"content":{"rendered":"\n<p>Wszelk\u0105 korespondencj\u0119 do Stowarzyszenia Rodzin Osadnik\u00f3w Wojskowych i Cywilnych Kres\u00f3w Wschodnich prosimy kierowa\u0107 na tymczasowy adres <a href=\"mailto:stosad@wp.pl\">stosad@wp.pl<\/a><\/p>\n\n\n\n<p>lub na skrzynk\u0119 profilu Stowarzyszenia na Facebooku: <a href=\"http:\/\/www.facebook.com\/osadnicynakresach\" data-type=\"link\" data-id=\"www.facebook.com\/osadnicynakresach\">www.facebook.com\/osadnicynakresach<\/a><\/p>\n\n\n\n<p><\/p>\n","protected":false},"excerpt":{"rendered":"<p>Wszelk\u0105 korespondencj\u0119 do Stowarzyszenia Rodzin Osadnik\u00f3w Wojskowych i Cywilnych Kres\u00f3w Wschodnich prosimy kierowa\u0107 na tymczasowy adres stosad@wp.pl lub na skrzynk\u0119 profilu Stowarzyszenia na Facebooku: www.facebook.com\/osadnicynakresach<\/p>\n","protected":false},"author":1,"featured_media":0,"parent":52,"menu_order":0,"comment_status":"closed","ping_status":"closed","template":"","meta":{"footnotes":""},"class_list":["post-135","page","type-page","status-publish","hentry","comments-off"],"_links":{"self":[{"href":"https:\/\/osadnicy.org\/index.php\/wp-json\/wp\/v2\/pages\/135","targetHints":{"allow":["GET"]}}],"collection":[{"href":"https:\/\/osadnicy.org\/index.php\/wp-json\/wp\/v2\/pages"}],"about":[{"href":"https:\/\/osadnicy.org\/index.php\/wp-json\/wp\/v2\/types\/page"}],"author":[{"embeddable":true,"href":"https:\/\/osadnicy.org\/index.php\/wp-json\/wp\/v2\/users\/1"}],"replies":[{"embeddable":true,"href":"https:\/\/osadnicy.org\/index.php\/wp-json\/wp\/v2\/comments?post=135"}],"version-history":[{"count":2,"href":"https:\/\/osadnicy.org\/index.php\/wp-json\/wp\/v2\/pages\/135\/revisions"}],"predecessor-version":[{"id":640,"href":"https:\/\/osadnicy.org\/index.php\/wp-json\/wp\/v2\/pages\/135\/revisions\/640"}],"up":[{"embeddable":true,"href":"https:\/\/osadnicy.org\/index.php\/wp-json\/wp\/v2\/pages\/52"}],"wp:attachment":[{"href":"https:\/\/osadnicy.org\/index.php\/wp-json\/wp\/v2\/media?parent=135"}],"curies":[{"name":"wp","href":"https:\/\/api.w.org\/{rel}","templated":true}]}}