{"id":129,"date":"2023-01-26T18:27:18","date_gmt":"2023-01-26T17:27:18","guid":{"rendered":"http:\/\/osadnicy.org.pl\/?page_id=129"},"modified":"2025-01-21T18:34:07","modified_gmt":"2025-01-21T18:34:07","slug":"historia-periodyku","status":"publish","type":"page","link":"https:\/\/osadnicy.org\/index.php\/kresowe-stanice\/historia-periodyku\/","title":{"rendered":"Historia periodyku"},"content":{"rendered":"\n<p><strong><em>KRESOWE STANICE<\/em><\/strong>&nbsp;to&nbsp;kwartalnik Stowarzyszenia Rodzin Osadnik\u00f3w Wojskowych i&nbsp;Cywilnych Kres\u00f3w Wschodnich. Ukazuje si\u0119 nieprzerwanie od grudnia 1997 roku. Artyku\u0142y o&nbsp;tre\u015bci osadniczej, kresowej, historycznej zawieraj\u0105 liczne fotografie i&nbsp;rysunki. W&nbsp;ka\u017cdym numerze zamieszczany jest dzia\u0142 &#8222;Nasze Sprawy&#8221; w&nbsp;kt\u00f3rym czytelnicy informowani s\u0105 o&nbsp;aktualnych wydarzeniach zwi\u0105zanych ze Stowarzyszeniem.<br>W&nbsp;kwartalniku drukowane s\u0105 artyku\u0142y obejmuj\u0105ce szeroko poj\u0119t\u0105 problematyk\u0119 osadnicz\u0105, to&nbsp;znaczy rozw\u00f3j osadnictwa w&nbsp;okresie mi\u0119dzywojennym, opisy pionierskiej pracy na roli, zaanga\u017cowanie osadnik\u00f3w w&nbsp;pracy spo\u0142ecznej i&nbsp;samorz\u0105dowej, a&nbsp;tak\u017ce zag\u0142ad\u0119 osadnictwa po 17 wrze\u015bnia 1939 roku oraz&nbsp;wojenne, tragiczne losy rodzin osaniczych.<\/p>\n\n\n\n<p><br>Znaczna cz\u0119\u015b\u0107 zamieszczanych artyku\u0142\u00f3w wykracza poza problematyk\u0119 osadnicz\u0105. W&nbsp;<em>KRESOWYCH STANICACH<\/em>&nbsp;prezentowane s\u0105 r\u00f3wnie\u017c sylwetki przyw\u00f3dc\u00f3w i&nbsp;bohater\u00f3w narodowych: marsza\u0142ka J\u00f3zefa Pi\u0142sudskiego, gen.&nbsp;W\u0142adys\u0142awa Sikorskiego, gen.&nbsp;W\u0142adys\u0142awa Andersa, gen J\u00f3zefa Hallera i&nbsp;innych. Publikacje na temat walk Legion\u00f3w, wojny polsko-bolszewickiej 1920 roku, uczestnictwa Polak\u00f3w w&nbsp;walkach koalicji antyhitlerowskiej na r\u00f3\u017cnych frontach &#8211; stanowi\u0105 doskona\u0142\u0105 lekcj\u0119 historii.<\/p>\n\n\n\n<p><br>Warto podkre\u015bli\u0107, \u017ce&nbsp;liczne wspomnienia uczestnik\u00f3w i&nbsp;\u015bwiadk\u00f3w wa\u017cnych wydarze\u0144 historycznych, drukowane w&nbsp;KS, powi\u0119kszaj\u0105 zasoby materia\u0142\u00f3w \u017ar\u00f3d\u0142owych o&nbsp;pozytywnej roli osadnictwa na Kresach i&nbsp;o&nbsp;tragicznych losach Polak\u00f3w pod dominacj\u0105 obydwu okupant\u00f3w.<\/p>\n\n\n\n<p><br><\/p>\n","protected":false},"excerpt":{"rendered":"<p>KRESOWE STANICE&nbsp;to&nbsp;kwartalnik Stowarzyszenia Rodzin Osadnik\u00f3w Wojskowych i&nbsp;Cywilnych Kres\u00f3w Wschodnich. Ukazuje si\u0119 nieprzerwanie od grudnia 1997 roku. Artyku\u0142y o&nbsp;tre\u015bci osadniczej, kresowej, historycznej zawieraj\u0105 liczne fotografie i&nbsp;rysunki. W&nbsp;ka\u017cdym numerze zamieszczany jest dzia\u0142<\/p>\n","protected":false},"author":1,"featured_media":0,"parent":50,"menu_order":0,"comment_status":"closed","ping_status":"closed","template":"","meta":{"footnotes":""},"class_list":["post-129","page","type-page","status-publish","hentry","comments-off"],"_links":{"self":[{"href":"https:\/\/osadnicy.org\/index.php\/wp-json\/wp\/v2\/pages\/129","targetHints":{"allow":["GET"]}}],"collection":[{"href":"https:\/\/osadnicy.org\/index.php\/wp-json\/wp\/v2\/pages"}],"about":[{"href":"https:\/\/osadnicy.org\/index.php\/wp-json\/wp\/v2\/types\/page"}],"author":[{"embeddable":true,"href":"https:\/\/osadnicy.org\/index.php\/wp-json\/wp\/v2\/users\/1"}],"replies":[{"embeddable":true,"href":"https:\/\/osadnicy.org\/index.php\/wp-json\/wp\/v2\/comments?post=129"}],"version-history":[{"count":2,"href":"https:\/\/osadnicy.org\/index.php\/wp-json\/wp\/v2\/pages\/129\/revisions"}],"predecessor-version":[{"id":628,"href":"https:\/\/osadnicy.org\/index.php\/wp-json\/wp\/v2\/pages\/129\/revisions\/628"}],"up":[{"embeddable":true,"href":"https:\/\/osadnicy.org\/index.php\/wp-json\/wp\/v2\/pages\/50"}],"wp:attachment":[{"href":"https:\/\/osadnicy.org\/index.php\/wp-json\/wp\/v2\/media?parent=129"}],"curies":[{"name":"wp","href":"https:\/\/api.w.org\/{rel}","templated":true}]}}