{"id":110,"date":"2023-01-26T18:11:31","date_gmt":"2023-01-26T17:11:31","guid":{"rendered":"http:\/\/osadnicy.org.pl\/?page_id=110"},"modified":"2025-01-21T18:15:50","modified_gmt":"2025-01-21T18:15:50","slug":"medal","status":"publish","type":"page","link":"https:\/\/osadnicy.org\/index.php\/stowarzyszenie\/medal\/","title":{"rendered":"Medal"},"content":{"rendered":"\n<p>Medal \u201eDziedzictwo Kres\u00f3w Wschodnich\u201d ustanowiony zosta\u0142 przez Stowarzyszenie Rodzin Osadnik\u00f3w Wojskowych i Cywilnych Kres\u00f3w Wschodnich w roku 2007. Pierwsze uhonorowania mia\u0142y miejsce podczas VI \u015awiatowego Zjazdu cz\u0142onk\u00f3w naszej organizacji \u2013 we wrze\u015bniu 2007.<\/p>\n\n\n\n<div class=\"wp-block-group\"><div class=\"wp-block-group__inner-container is-layout-constrained wp-block-group-is-layout-constrained\">\n<div class=\"wp-block-columns is-layout-flex wp-container-core-columns-is-layout-9d6595d7 wp-block-columns-is-layout-flex\">\n<div class=\"wp-block-column is-layout-flow wp-block-column-is-layout-flow\" style=\"flex-basis:100%\"><div class=\"wp-block-image\">\n<figure class=\"aligncenter size-full is-resized\"><img loading=\"lazy\" decoding=\"async\" width=\"330\" height=\"403\" src=\"https:\/\/osadnicy.org\/wp-content\/uploads\/2025\/01\/2medal.jpg\" alt=\"\" class=\"wp-image-612\" style=\"width:734px;height:auto\" srcset=\"https:\/\/osadnicy.org\/wp-content\/uploads\/2025\/01\/2medal.jpg 330w, https:\/\/osadnicy.org\/wp-content\/uploads\/2025\/01\/2medal-246x300.jpg 246w\" sizes=\"auto, (max-width: 330px) 100vw, 330px\" \/><\/figure>\n<\/div><\/div>\n<\/div>\n<\/div><\/div>\n\n\n\n<div class=\"wp-block-columns are-vertically-aligned-center is-layout-flex wp-container-core-columns-is-layout-9d6595d7 wp-block-columns-is-layout-flex\">\n<div class=\"wp-block-column is-vertically-aligned-center is-layout-flow wp-block-column-is-layout-flow\" style=\"flex-basis:100%\">\n<figure class=\"wp-block-gallery has-nested-images columns-default is-cropped wp-block-gallery-1 is-layout-flex wp-block-gallery-is-layout-flex\"><div class=\"wp-block-image\">\n<figure class=\"aligncenter size-large\"><img loading=\"lazy\" decoding=\"async\" width=\"738\" height=\"1024\" data-id=\"613\" src=\"https:\/\/osadnicy.org\/wp-content\/uploads\/2025\/01\/Image0003-738x1024-1.jpeg\" alt=\"\" class=\"wp-image-613\" srcset=\"https:\/\/osadnicy.org\/wp-content\/uploads\/2025\/01\/Image0003-738x1024-1.jpeg 738w, https:\/\/osadnicy.org\/wp-content\/uploads\/2025\/01\/Image0003-738x1024-1-216x300.jpeg 216w\" sizes=\"auto, (max-width: 738px) 100vw, 738px\" \/><\/figure>\n<\/div><\/figure>\n<\/div>\n<\/div>\n\n\n\n<p><\/p>\n","protected":false},"excerpt":{"rendered":"<p>Medal \u201eDziedzictwo Kres\u00f3w Wschodnich\u201d ustanowiony zosta\u0142 przez Stowarzyszenie Rodzin Osadnik\u00f3w Wojskowych i Cywilnych Kres\u00f3w Wschodnich w roku 2007. Pierwsze uhonorowania mia\u0142y miejsce podczas VI \u015awiatowego Zjazdu cz\u0142onk\u00f3w naszej organizacji \u2013<\/p>\n","protected":false},"author":1,"featured_media":0,"parent":48,"menu_order":0,"comment_status":"closed","ping_status":"closed","template":"","meta":{"footnotes":""},"class_list":["post-110","page","type-page","status-publish","hentry","comments-off"],"_links":{"self":[{"href":"https:\/\/osadnicy.org\/index.php\/wp-json\/wp\/v2\/pages\/110","targetHints":{"allow":["GET"]}}],"collection":[{"href":"https:\/\/osadnicy.org\/index.php\/wp-json\/wp\/v2\/pages"}],"about":[{"href":"https:\/\/osadnicy.org\/index.php\/wp-json\/wp\/v2\/types\/page"}],"author":[{"embeddable":true,"href":"https:\/\/osadnicy.org\/index.php\/wp-json\/wp\/v2\/users\/1"}],"replies":[{"embeddable":true,"href":"https:\/\/osadnicy.org\/index.php\/wp-json\/wp\/v2\/comments?post=110"}],"version-history":[{"count":2,"href":"https:\/\/osadnicy.org\/index.php\/wp-json\/wp\/v2\/pages\/110\/revisions"}],"predecessor-version":[{"id":615,"href":"https:\/\/osadnicy.org\/index.php\/wp-json\/wp\/v2\/pages\/110\/revisions\/615"}],"up":[{"embeddable":true,"href":"https:\/\/osadnicy.org\/index.php\/wp-json\/wp\/v2\/pages\/48"}],"wp:attachment":[{"href":"https:\/\/osadnicy.org\/index.php\/wp-json\/wp\/v2\/media?parent=110"}],"curies":[{"name":"wp","href":"https:\/\/api.w.org\/{rel}","templated":true}]}}