{"id":108,"date":"2023-01-26T18:10:20","date_gmt":"2023-01-26T17:10:20","guid":{"rendered":"http:\/\/osadnicy.org.pl\/?page_id=108"},"modified":"2025-01-21T18:20:25","modified_gmt":"2025-01-21T18:20:25","slug":"pomnik","status":"publish","type":"page","link":"https:\/\/osadnicy.org\/index.php\/stowarzyszenie\/pomnik\/","title":{"rendered":"Pomnik"},"content":{"rendered":"\n<p>W 2005 roku, staraniem Stowarzyszenia Rodzin Osadnik\u00f3w Wojskowych i Cywilnych Kres\u00f3w Wschodnich, naprzeciw ko\u015bcio\u0142a pw. \u015bw. Stanis\u0142awa Kostki na warszawskim \u017boliborzu, przy ulicy Hozjusza, ods\u0142oni\u0119to pomnik \u201eW ho\u0142dzie osadnikom wojskowym Kres\u00f3w Wschodnich\u201d.<\/p>\n\n\n<div class=\"wp-block-image\">\n<figure class=\"aligncenter size-large\"><img loading=\"lazy\" decoding=\"async\" width=\"1024\" height=\"857\" src=\"https:\/\/osadnicy.org\/wp-content\/uploads\/2025\/01\/473318230_1010105534484450_4508082837893791469_n-1024x857.jpg\" alt=\"\" class=\"wp-image-617\" srcset=\"https:\/\/osadnicy.org\/wp-content\/uploads\/2025\/01\/473318230_1010105534484450_4508082837893791469_n-1024x857.jpg 1024w, https:\/\/osadnicy.org\/wp-content\/uploads\/2025\/01\/473318230_1010105534484450_4508082837893791469_n-300x251.jpg 300w, https:\/\/osadnicy.org\/wp-content\/uploads\/2025\/01\/473318230_1010105534484450_4508082837893791469_n-768x643.jpg 768w, https:\/\/osadnicy.org\/wp-content\/uploads\/2025\/01\/473318230_1010105534484450_4508082837893791469_n.jpg 1100w\" sizes=\"auto, (max-width: 1024px) 100vw, 1024px\" \/><\/figure>\n<\/div>\n\n\n<p>Pomnik w kszta\u0142cie symbolicznego kamienia pami\u0105tkowego dope\u0142nia napis: \u201e\u017bo\u0142nierzom Legion\u00f3w i Wojska Polskiego, kt\u00f3rzy w latach 1914 \u2013 1920 zwyci\u0119sko walczyli o niepodleg\u0142o\u015b\u0107 Polski, w okresie mi\u0119dzywojennym przyczynili si\u0119 do rozwoju rolnictwa na Kresach, walczyli w obronie ojczyzny w 1939 roku, 10 lutego 1940 roku zostali deportowani z rodzinami na zag\u0142ad\u0119 w g\u0142\u0105b ZSRR. Wielu z nich walczy\u0142o o Polsk\u0119 na frontach II wojny \u015bwiatowej. Cze\u015b\u0107 Ich Pami\u0119ci. 11 wrze\u015bnia 2005&#8243;.<\/p>\n\n\n<div class=\"wp-block-image\">\n<figure class=\"aligncenter size-full\"><img loading=\"lazy\" decoding=\"async\" width=\"800\" height=\"600\" src=\"https:\/\/osadnicy.org\/wp-content\/uploads\/2025\/01\/273461110_5037885606254670_8364784320277473798_n.jpg\" alt=\"\" class=\"wp-image-618\" srcset=\"https:\/\/osadnicy.org\/wp-content\/uploads\/2025\/01\/273461110_5037885606254670_8364784320277473798_n.jpg 800w, https:\/\/osadnicy.org\/wp-content\/uploads\/2025\/01\/273461110_5037885606254670_8364784320277473798_n-300x225.jpg 300w, https:\/\/osadnicy.org\/wp-content\/uploads\/2025\/01\/273461110_5037885606254670_8364784320277473798_n-768x576.jpg 768w, https:\/\/osadnicy.org\/wp-content\/uploads\/2025\/01\/273461110_5037885606254670_8364784320277473798_n-600x450.jpg 600w\" sizes=\"auto, (max-width: 800px) 100vw, 800px\" \/><\/figure>\n<\/div>","protected":false},"excerpt":{"rendered":"<p>W 2005 roku, staraniem Stowarzyszenia Rodzin Osadnik\u00f3w Wojskowych i Cywilnych Kres\u00f3w Wschodnich, naprzeciw ko\u015bcio\u0142a pw. \u015bw. Stanis\u0142awa Kostki na warszawskim \u017boliborzu, przy ulicy Hozjusza, ods\u0142oni\u0119to pomnik \u201eW ho\u0142dzie osadnikom wojskowym<\/p>\n","protected":false},"author":1,"featured_media":0,"parent":48,"menu_order":0,"comment_status":"closed","ping_status":"closed","template":"","meta":{"footnotes":""},"class_list":["post-108","page","type-page","status-publish","hentry","comments-off"],"_links":{"self":[{"href":"https:\/\/osadnicy.org\/index.php\/wp-json\/wp\/v2\/pages\/108","targetHints":{"allow":["GET"]}}],"collection":[{"href":"https:\/\/osadnicy.org\/index.php\/wp-json\/wp\/v2\/pages"}],"about":[{"href":"https:\/\/osadnicy.org\/index.php\/wp-json\/wp\/v2\/types\/page"}],"author":[{"embeddable":true,"href":"https:\/\/osadnicy.org\/index.php\/wp-json\/wp\/v2\/users\/1"}],"replies":[{"embeddable":true,"href":"https:\/\/osadnicy.org\/index.php\/wp-json\/wp\/v2\/comments?post=108"}],"version-history":[{"count":1,"href":"https:\/\/osadnicy.org\/index.php\/wp-json\/wp\/v2\/pages\/108\/revisions"}],"predecessor-version":[{"id":619,"href":"https:\/\/osadnicy.org\/index.php\/wp-json\/wp\/v2\/pages\/108\/revisions\/619"}],"up":[{"embeddable":true,"href":"https:\/\/osadnicy.org\/index.php\/wp-json\/wp\/v2\/pages\/48"}],"wp:attachment":[{"href":"https:\/\/osadnicy.org\/index.php\/wp-json\/wp\/v2\/media?parent=108"}],"curies":[{"name":"wp","href":"https:\/\/api.w.org\/{rel}","templated":true}]}}