{"id":405,"date":"2023-09-16T16:24:57","date_gmt":"2023-09-16T14:24:57","guid":{"rendered":"http:\/\/osadnicy.org.pl\/?page_id=405"},"modified":"2023-09-16T16:24:57","modified_gmt":"2023-09-16T14:24:57","slug":"rok-xix-nr-2-2015-69","status":"publish","type":"page","link":"http:\/\/osadnicy.org\/index.php\/kresowe-stanice\/archiwalne-numery\/rok-xix-nr-2-2015-69\/","title":{"rendered":"rok XIX, Nr 2\/2015 (69)"},"content":{"rendered":"\n<p>sierpie\u0144 2015<\/p>\n\n\n\n<p><strong>SPIS TRE\u015aCI<\/strong><\/p>\n\n\n\n<p><strong>Andrzej Duda prezydentem<\/strong><\/p>\n\n\n\n<p><strong>Od redakcji<\/strong><\/p>\n\n\n\n<p><strong>\u017byczenia dla uczestnik\u00f3w jubileuszowego X Zjazdu Rodzin Osadnik\u00f3w Wojskowych Kres\u00f3w Wschodnich<\/strong><\/p>\n\n\n\n<p><em>Micha\u0142 Bronowicki<\/em><\/p>\n\n\n\n<p><strong>Zag\u0142ada na Kresach<\/strong><\/p>\n\n\n\n<p><strong>Czytali\u015bmy, polecamy &#8211; Ksi\u0105\u017cka Janiny Stobniak-Smogorzewskiej<\/strong><\/p>\n\n\n\n<p><strong>&#8222;Straty osobowe kresowego osadnictwa wojskowego 1939-1945&#8221;<\/strong><\/p>\n\n\n\n<p><strong>Z przedwojennej prasy osadniczej<\/strong> (cz. 40.)<\/p>\n\n\n\n<p><em>Aneta Skar\u017cy\u0144ski<\/em><\/p>\n\n\n\n<p><strong>Artystyczna podr\u00f3\u017c po Kresach, \u017calesie, Wiszniewo, Bras\u0142aw, Krzemieniec, Nowogr\u00f3dek, Grodno<\/strong> (cz. 2.)<\/p>\n\n\n\n<p><em>Aneta Skar\u017cy\u0144ski<\/em><\/p>\n\n\n\n<p><strong>Wyspy Naftalinowe (fragment)<\/strong><\/p>\n\n\n\n<p><em>Franciszek \u015alusarz<\/em><\/p>\n\n\n\n<p><strong>Zsy\u0142ka, wojna i emigracja<\/strong><\/p>\n\n\n\n<p><em>Mieczys\u0142aw Metler<\/em><\/p>\n\n\n\n<p><strong>K\u0105cik poetycki &#8211; Poezja lotnicza<\/strong><\/p>\n\n\n\n<p><em>Jan B. Tereszczenko<\/em><\/p>\n\n\n\n<p><strong>Ryszard Zatchej &#8211; wspomnienie<\/strong><\/p>\n\n\n\n<p><em>Ryszard Zatchej<\/em><\/p>\n\n\n\n<p><strong>W trzech s\u0142owach wspomnienia Sybiraka<\/strong> (cz. 2.)<\/p>\n\n\n\n<p><em>Mieczys\u0142aw Metler<\/em><\/p>\n\n\n\n<p><strong>Po latach<\/strong><\/p>\n\n\n\n<p><em>Antoni Lenkiewicz<\/em><\/p>\n\n\n\n<p><strong>Kalendarium polskich zmaga\u0144 z Rosj\u0105 Sowieck\u0105 w latach 1939-1989<\/strong> (cz. 45.)<\/p>\n\n\n\n<p><em>Antoni Lenkiewicz<\/em><\/p>\n\n\n\n<p><strong>Uczestnik i \u015bwiadek historii Polski<\/strong><\/p>\n\n\n\n<p><em>Micha\u0142 Bronowicki<\/em><\/p>\n\n\n\n<p><strong>Uchod\u017acy polscy z ZSRR w Tanganice<\/strong><\/p>\n\n\n\n<p><em>Tadeusz Ku\u0142akowski<\/em><\/p>\n\n\n\n<p><strong>Wspomnienia z wycieczki w rodzinne strony<\/strong><\/p>\n\n\n\n<p><em>Zygmunt Cynar<\/em><\/p>\n\n\n\n<p><strong>Polonia Edmonto\u0144ska wita Delegat\u00f3w na XXXVI Walnym Zje\u017adzie Stowarzyszenia Polskich Kombatant\u00f3w w Kanadzie<\/strong><\/p>\n\n\n\n<p><em>Mieczys\u0142aw W\u00f3jcik<\/em><\/p>\n\n\n\n<p><strong>Nasze sprawy<\/strong><\/p>\n\n\n\n<p><strong>Z \u017ca\u0142obnej karty<\/strong><\/p>\n","protected":false},"excerpt":{"rendered":"<p>sierpie\u0144 2015 SPIS TRE\u015aCI Andrzej Duda prezydentem Od redakcji \u017byczenia dla uczestnik\u00f3w jubileuszowego X Zjazdu Rodzin Osadnik\u00f3w Wojskowych Kres\u00f3w Wschodnich Micha\u0142 Bronowicki Zag\u0142ada na Kresach Czytali\u015bmy, polecamy &#8211; Ksi\u0105\u017cka Janiny<\/p>\n","protected":false},"author":3,"featured_media":0,"parent":268,"menu_order":69,"comment_status":"closed","ping_status":"closed","template":"","meta":{"footnotes":""},"class_list":["post-405","page","type-page","status-publish","hentry","comments-off"],"_links":{"self":[{"href":"http:\/\/osadnicy.org\/index.php\/wp-json\/wp\/v2\/pages\/405","targetHints":{"allow":["GET"]}}],"collection":[{"href":"http:\/\/osadnicy.org\/index.php\/wp-json\/wp\/v2\/pages"}],"about":[{"href":"http:\/\/osadnicy.org\/index.php\/wp-json\/wp\/v2\/types\/page"}],"author":[{"embeddable":true,"href":"http:\/\/osadnicy.org\/index.php\/wp-json\/wp\/v2\/users\/3"}],"replies":[{"embeddable":true,"href":"http:\/\/osadnicy.org\/index.php\/wp-json\/wp\/v2\/comments?post=405"}],"version-history":[{"count":0,"href":"http:\/\/osadnicy.org\/index.php\/wp-json\/wp\/v2\/pages\/405\/revisions"}],"up":[{"embeddable":true,"href":"http:\/\/osadnicy.org\/index.php\/wp-json\/wp\/v2\/pages\/268"}],"wp:attachment":[{"href":"http:\/\/osadnicy.org\/index.php\/wp-json\/wp\/v2\/media?parent=405"}],"curies":[{"name":"wp","href":"https:\/\/api.w.org\/{rel}","templated":true}]}}