{"id":104,"date":"2023-01-26T18:07:51","date_gmt":"2023-01-26T17:07:51","guid":{"rendered":"http:\/\/osadnicy.org.pl\/?page_id=104"},"modified":"2025-01-21T18:05:30","modified_gmt":"2025-01-21T18:05:30","slug":"historia-stowarzyszenia","status":"publish","type":"page","link":"http:\/\/osadnicy.org\/index.php\/stowarzyszenie\/historia-stowarzyszenia\/","title":{"rendered":"Historia Stowarzyszenia"},"content":{"rendered":"\n<p><strong>Historia Stowarzyszenia<\/strong><\/p>\n\n\n\n<p>Idea powo\u0142ania Stowarzyszenia Rodzin Osadnik\u00f3w Wojskowych i\u00a0Cywilnych Kres\u00f3w Wschodnich zrodzi\u0142a si\u0119 w\u00a01995 r. W\u00a0dniu 20 I\u00a01996 r. na Zebraniu Za\u0142o\u017cycielskim wybrano zarz\u0105d. 29 IV\u00a01996 r. w\u00a0S\u0105dzie Okr\u0119gowym w\u00a0Warszawie (VII Wydzia\u0142 Cywilny i\u00a0Rejestrowy) zatwierdzono statut, a\u00a0Stowarzyszenie nasze zosta\u0142o wpisane do rejestru stowarzysze\u0144 pod numerem RST 2809. <br><\/p>\n\n\n\n<p>Cele naszej dzia\u0142alno\u015bci okre\u015bla statut, a&nbsp;szczeg\u00f3lnie jego preambu\u0142a:<\/p>\n\n\n\n<ul class=\"wp-block-list\">\n<li>W celu skupienia si\u0142 d\u0105\u017c\u0105cych do zachowania patriotycznej postawy spo\u0142ecze\u0144stwa w&nbsp;odrodzonej Rzeczypospolitej Polskiej;<\/li>\n\n\n\n<li>Wobec do\u015bwiadcze\u0144 nabytych w&nbsp;latach okupacji i&nbsp;totalitarnych rz\u0105d\u00f3w komunistycznych;<\/li>\n\n\n\n<li>Pomni dziedzictwa Narodu Polskiego i&nbsp;dokona\u0144 Polak\u00f3w zamieszka\u0142ych na Kresach Wschodnich II&nbsp;Rzeczypospolitej;<\/li>\n\n\n\n<li>Przekonani o&nbsp;bezwzgl\u0119dnej potrzebie ukazywania prawdy historycznej o&nbsp;tych Ziemiach, b\u0119d\u0105cych przez stulecia przedmurzem chrze\u015bcija\u0144stwa i&nbsp;terenem dziejowej misji Polski;<\/li>\n\n\n\n<li>\u015awiadomi wyzwania nowej epoki odpowiedzialno\u015bci historycznej przed przysz\u0142ymi pokoleniami za losy polsko\u015bci na Ziemiach Kresowych &#8211; Rodziny osadnik\u00f3w, obecnie zamieszka\u0142e na obszarze terytorium Rzeczypospolitej postanowi\u0142y powo\u0142a\u0107 do \u017cycia Stowarzyszenie Rodzin Osadnik\u00f3w Wojskowych i&nbsp;Cywilnych Kresowych Ziem Wschodnich.<\/li>\n<\/ul>\n\n\n\n<p>Celem Stowarzyszenia jest:<\/p>\n\n\n\n<ul class=\"wp-block-list\">\n<li>Kultywowanie tradycji historycznych i&nbsp;patriotycznych wywodz\u0105cych si\u0119 z&nbsp;Kres\u00f3w Wschodnich.<\/li>\n\n\n\n<li>Nawi\u0105zywanie kontakt\u00f3w z&nbsp;Polakami \u017cyj\u0105cymi na Kresach, udzielanie im pomocy moralnej i&nbsp;materialnej, wymiana kulturalna z&nbsp;ich organizacjami.<\/li>\n\n\n\n<li>Upami\u0119tnianie i&nbsp;dokumentowanie los\u00f3w ludno\u015bci polskiej na Kresach &#8211; szczeg\u00f3lnie osadnik\u00f3w wojskowych i&nbsp;cywilnych.<\/li>\n\n\n\n<li>Udzielanie pomocy swoim cz\u0142onkom w&nbsp;Kraju i&nbsp;za granic\u0105.<\/li>\n\n\n\n<li>Zdobywanie \u015brodk\u00f3w na dzia\u0142alno\u015b\u0107 organizacyjn\u0105.<\/li>\n\n\n\n<li>Rozwijanie wsp\u00f3\u0142pracy z&nbsp;instytucjami i&nbsp;stowarzyszeniami zwi\u0105zanymi z&nbsp;dziejami, tradycj\u0105 i&nbsp;kultur\u0105 polsk\u0105 w&nbsp;Kraju i&nbsp;za granic\u0105.<\/li>\n<\/ul>\n","protected":false},"excerpt":{"rendered":"<p>Historia Stowarzyszenia Idea powo\u0142ania Stowarzyszenia Rodzin Osadnik\u00f3w Wojskowych i\u00a0Cywilnych Kres\u00f3w Wschodnich zrodzi\u0142a si\u0119 w\u00a01995 r. W\u00a0dniu 20 I\u00a01996 r. na Zebraniu Za\u0142o\u017cycielskim wybrano zarz\u0105d. 29 IV\u00a01996 r. w\u00a0S\u0105dzie Okr\u0119gowym w\u00a0Warszawie<\/p>\n","protected":false},"author":1,"featured_media":0,"parent":48,"menu_order":0,"comment_status":"closed","ping_status":"closed","template":"","meta":{"footnotes":""},"class_list":["post-104","page","type-page","status-publish","hentry","comments-off"],"_links":{"self":[{"href":"http:\/\/osadnicy.org\/index.php\/wp-json\/wp\/v2\/pages\/104","targetHints":{"allow":["GET"]}}],"collection":[{"href":"http:\/\/osadnicy.org\/index.php\/wp-json\/wp\/v2\/pages"}],"about":[{"href":"http:\/\/osadnicy.org\/index.php\/wp-json\/wp\/v2\/types\/page"}],"author":[{"embeddable":true,"href":"http:\/\/osadnicy.org\/index.php\/wp-json\/wp\/v2\/users\/1"}],"replies":[{"embeddable":true,"href":"http:\/\/osadnicy.org\/index.php\/wp-json\/wp\/v2\/comments?post=104"}],"version-history":[{"count":1,"href":"http:\/\/osadnicy.org\/index.php\/wp-json\/wp\/v2\/pages\/104\/revisions"}],"predecessor-version":[{"id":608,"href":"http:\/\/osadnicy.org\/index.php\/wp-json\/wp\/v2\/pages\/104\/revisions\/608"}],"up":[{"embeddable":true,"href":"http:\/\/osadnicy.org\/index.php\/wp-json\/wp\/v2\/pages\/48"}],"wp:attachment":[{"href":"http:\/\/osadnicy.org\/index.php\/wp-json\/wp\/v2\/media?parent=104"}],"curies":[{"name":"wp","href":"https:\/\/api.w.org\/{rel}","templated":true}]}}